{"id":577,"date":"2026-04-20T13:02:15","date_gmt":"2026-04-20T13:02:15","guid":{"rendered":"https:\/\/salonmysliwskirys.pl\/?post_type=product&#038;p=577"},"modified":"2026-04-20T13:02:15","modified_gmt":"2026-04-20T13:02:15","slug":"hornady-eld-x-precision-hunter-kal-308win-30-06","status":"publish","type":"product","link":"https:\/\/salonmysliwskirys.pl\/?product=hornady-eld-x-precision-hunter-kal-308win-30-06","title":{"rendered":"Hornady ELD-X Precision Hunter kal.308Win \/30-06"},"content":{"rendered":"<p>Po ekspansji:<br \/>\nzachowuje 85\u201390% masy<br \/>\ng\u0142\u0119boko penetruje<br \/>\nRdze\u0144 o\u0142owiany + pier\u015bcie\u0144 InterLock\u00ae:<br \/>\nzapobiega rozpadowi<br \/>\nutrzymuje integralno\u015b\u0107<\/p>\n<p>\ud83d\udc49 Efekt:<\/p>\n<p>skuteczne przekazanie energii<br \/>\ndobra penetracja nawet przy wi\u0119kszej zwierzynie<br \/>\n\ud83e\udd8c Do czego si\u0119 nadaje?<\/p>\n<p>ELD-X to pocisk:<\/p>\n<p>my\u015bliwski (nie sportowy typowo)<br \/>\nzaprojektowany pod:<br \/>\n\u015bredni\u0105 i du\u017c\u0105 zwierzyn\u0119<br \/>\nstrza\u0142y na \u015brednich i bardzo d\u0142ugich dystansach<br \/>\n\u2696\ufe0f Podsumowanie (w skr\u00f3cie)<\/p>\n<p>ELD-X \u0142\u0105czy:<\/p>\n<p>bardzo dobr\u0105 aerodynamik\u0119 (wysoki BC)<br \/>\ndu\u017c\u0105 celno\u015b\u0107<br \/>\nkontrolowan\u0105 ekspansj\u0119<br \/>\nwysok\u0105 retencj\u0119 masy<\/p>\n<p>\ud83d\udc49 Dzi\u0119ki temu jest uznawany za jeden z najlepszych pocisk\u00f3w my\u015bliwskich do strzela\u0144 na daleki dystans.<\/p>\n","protected":false},"excerpt":{"rendered":"<p>Seria amunicji: Precision Hunter? &#8211; amunicja my\u015bliwska, przeznaczona do precyzyjnego strzelania na dowolnym dystansie, tak\u017ce na bardzo du\u017cych odleg\u0142o\u015bciach, z zaawansowanym pociskiem my\u015bliwskim ELD-X.<\/p>\n","protected":false},"featured_media":578,"comment_status":"open","ping_status":"closed","template":"","meta":{"_et_pb_use_builder":"","_et_pb_old_content":"","_et_gb_content_width":""},"product_brand":[],"product_cat":[23],"product_tag":[],"class_list":{"0":"post-577","1":"product","2":"type-product","3":"status-publish","4":"has-post-thumbnail","6":"product_cat-amunicja","8":"first","9":"instock","10":"shipping-taxable","11":"product-type-simple"},"_links":{"self":[{"href":"https:\/\/salonmysliwskirys.pl\/index.php?rest_route=\/wp\/v2\/product\/577","targetHints":{"allow":["GET"]}}],"collection":[{"href":"https:\/\/salonmysliwskirys.pl\/index.php?rest_route=\/wp\/v2\/product"}],"about":[{"href":"https:\/\/salonmysliwskirys.pl\/index.php?rest_route=\/wp\/v2\/types\/product"}],"replies":[{"embeddable":true,"href":"https:\/\/salonmysliwskirys.pl\/index.php?rest_route=%2Fwp%2Fv2%2Fcomments&post=577"}],"wp:featuredmedia":[{"embeddable":true,"href":"https:\/\/salonmysliwskirys.pl\/index.php?rest_route=\/wp\/v2\/media\/578"}],"wp:attachment":[{"href":"https:\/\/salonmysliwskirys.pl\/index.php?rest_route=%2Fwp%2Fv2%2Fmedia&parent=577"}],"wp:term":[{"taxonomy":"product_brand","embeddable":true,"href":"https:\/\/salonmysliwskirys.pl\/index.php?rest_route=%2Fwp%2Fv2%2Fproduct_brand&post=577"},{"taxonomy":"product_cat","embeddable":true,"href":"https:\/\/salonmysliwskirys.pl\/index.php?rest_route=%2Fwp%2Fv2%2Fproduct_cat&post=577"},{"taxonomy":"product_tag","embeddable":true,"href":"https:\/\/salonmysliwskirys.pl\/index.php?rest_route=%2Fwp%2Fv2%2Fproduct_tag&post=577"}],"curies":[{"name":"wp","href":"https:\/\/api.w.org\/{rel}","templated":true}]}}