{"id":565,"date":"2026-04-20T12:27:53","date_gmt":"2026-04-20T12:27:53","guid":{"rendered":"https:\/\/salonmysliwskirys.pl\/?post_type=product&#038;p=565"},"modified":"2026-04-20T12:27:53","modified_gmt":"2026-04-20T12:27:53","slug":"geco-30-06-express-308-win-express-223-rem-express","status":"publish","type":"product","link":"https:\/\/salonmysliwskirys.pl\/?product=geco-30-06-express-308-win-express-223-rem-express","title":{"rendered":"Geco .30-06 EXPRESS \/ 308 Win. EXPRESS \/ 223 Rem. Express"},"content":{"rendered":"","protected":false},"excerpt":{"rendered":"<p>GECO Express &#8211; lekki, fragmentuj\u0105cy pocisk doskonale nadaj\u0105cy si\u0119 do skutecznego polowania na ma\u0142e i \u015bredniej wielko\u015bci gatunki zwierzyny. Szybko oddaje energi\u0119 i zapewnia dobry efekt obalaj\u0105cy.<\/p>\n","protected":false},"featured_media":566,"comment_status":"open","ping_status":"closed","template":"","meta":{"_et_pb_use_builder":"","_et_pb_old_content":"","_et_gb_content_width":""},"product_brand":[],"product_cat":[23],"product_tag":[],"class_list":{"0":"post-565","1":"product","2":"type-product","3":"status-publish","4":"has-post-thumbnail","6":"product_cat-amunicja","8":"first","9":"instock","10":"shipping-taxable","11":"product-type-simple"},"_links":{"self":[{"href":"https:\/\/salonmysliwskirys.pl\/index.php?rest_route=\/wp\/v2\/product\/565","targetHints":{"allow":["GET"]}}],"collection":[{"href":"https:\/\/salonmysliwskirys.pl\/index.php?rest_route=\/wp\/v2\/product"}],"about":[{"href":"https:\/\/salonmysliwskirys.pl\/index.php?rest_route=\/wp\/v2\/types\/product"}],"replies":[{"embeddable":true,"href":"https:\/\/salonmysliwskirys.pl\/index.php?rest_route=%2Fwp%2Fv2%2Fcomments&post=565"}],"wp:featuredmedia":[{"embeddable":true,"href":"https:\/\/salonmysliwskirys.pl\/index.php?rest_route=\/wp\/v2\/media\/566"}],"wp:attachment":[{"href":"https:\/\/salonmysliwskirys.pl\/index.php?rest_route=%2Fwp%2Fv2%2Fmedia&parent=565"}],"wp:term":[{"taxonomy":"product_brand","embeddable":true,"href":"https:\/\/salonmysliwskirys.pl\/index.php?rest_route=%2Fwp%2Fv2%2Fproduct_brand&post=565"},{"taxonomy":"product_cat","embeddable":true,"href":"https:\/\/salonmysliwskirys.pl\/index.php?rest_route=%2Fwp%2Fv2%2Fproduct_cat&post=565"},{"taxonomy":"product_tag","embeddable":true,"href":"https:\/\/salonmysliwskirys.pl\/index.php?rest_route=%2Fwp%2Fv2%2Fproduct_tag&post=565"}],"curies":[{"name":"wp","href":"https:\/\/api.w.org\/{rel}","templated":true}]}}