{"id":530,"date":"2026-04-17T12:28:36","date_gmt":"2026-04-17T12:28:36","guid":{"rendered":"https:\/\/salonmysliwskirys.pl\/?post_type=product&#038;p=530"},"modified":"2026-04-17T12:28:36","modified_gmt":"2026-04-17T12:28:36","slug":"rws-uni-classic","status":"publish","type":"product","link":"https:\/\/salonmysliwskirys.pl\/?product=rws-uni-classic","title":{"rendered":"RWS  UNI CLASSIC"},"content":{"rendered":"","protected":false},"excerpt":{"rendered":"<p>RWS UNI Classic to sprawdzona konstrukcja, od lat ceniona przez europejskich my\u015bliwych, w tym r\u00f3wnie\u017c w Polsce. Jest to klasyczny pocisk grzybkuj\u0105cy, kt\u00f3ry po trafieniu szybko przekazuje energi\u0119 do celu, zapewniaj\u0105c skuteczny efekt obalaj\u0105cy. Jednocze\u015bnie pozwala zachowa\u0107 tusz\u0119 w bardzo dobrym stanie, co ma znaczenie przy jej p\u00f3\u017aniejszym wykorzystaniu kulinarnym. Dodatkowym atutem jest niklowany p\u0142aszcz, kt\u00f3ry ogranicza osadzanie si\u0119 zanieczyszcze\u0144 w lufie po strzale.<\/p>\n","protected":false},"featured_media":531,"comment_status":"open","ping_status":"closed","template":"","meta":{"_et_pb_use_builder":"","_et_pb_old_content":"","_et_gb_content_width":""},"product_brand":[],"product_cat":[23],"product_tag":[],"class_list":{"0":"post-530","1":"product","2":"type-product","3":"status-publish","4":"has-post-thumbnail","6":"product_cat-amunicja","8":"first","9":"instock","10":"shipping-taxable","11":"product-type-simple"},"_links":{"self":[{"href":"https:\/\/salonmysliwskirys.pl\/index.php?rest_route=\/wp\/v2\/product\/530","targetHints":{"allow":["GET"]}}],"collection":[{"href":"https:\/\/salonmysliwskirys.pl\/index.php?rest_route=\/wp\/v2\/product"}],"about":[{"href":"https:\/\/salonmysliwskirys.pl\/index.php?rest_route=\/wp\/v2\/types\/product"}],"replies":[{"embeddable":true,"href":"https:\/\/salonmysliwskirys.pl\/index.php?rest_route=%2Fwp%2Fv2%2Fcomments&post=530"}],"wp:featuredmedia":[{"embeddable":true,"href":"https:\/\/salonmysliwskirys.pl\/index.php?rest_route=\/wp\/v2\/media\/531"}],"wp:attachment":[{"href":"https:\/\/salonmysliwskirys.pl\/index.php?rest_route=%2Fwp%2Fv2%2Fmedia&parent=530"}],"wp:term":[{"taxonomy":"product_brand","embeddable":true,"href":"https:\/\/salonmysliwskirys.pl\/index.php?rest_route=%2Fwp%2Fv2%2Fproduct_brand&post=530"},{"taxonomy":"product_cat","embeddable":true,"href":"https:\/\/salonmysliwskirys.pl\/index.php?rest_route=%2Fwp%2Fv2%2Fproduct_cat&post=530"},{"taxonomy":"product_tag","embeddable":true,"href":"https:\/\/salonmysliwskirys.pl\/index.php?rest_route=%2Fwp%2Fv2%2Fproduct_tag&post=530"}],"curies":[{"name":"wp","href":"https:\/\/api.w.org\/{rel}","templated":true}]}}