{"id":526,"date":"2026-04-17T12:03:18","date_gmt":"2026-04-17T12:03:18","guid":{"rendered":"https:\/\/salonmysliwskirys.pl\/?post_type=product&#038;p=526"},"modified":"2026-04-17T12:03:18","modified_gmt":"2026-04-17T12:03:18","slug":"dynamic-slug","status":"publish","type":"product","link":"https:\/\/salonmysliwskirys.pl\/?product=dynamic-slug","title":{"rendered":"DYNAMIC  SLUG"},"content":{"rendered":"","protected":false},"excerpt":{"rendered":"<p>Dynamic<\/p>\n<p>Amunicja stworzona z my\u015bl\u0105 o strzelcach dynamicznych. W konkurencjach IPSC kluczowe znaczenie ma tempo, precyzja oraz p\u0142ynno\u015b\u0107 poruszania si\u0119 po torze, gdzie ka\u017cda sekunda ma znaczenie. Dlatego tak istotne s\u0105 niezawodno\u015b\u0107 i powtarzalna jako\u015b\u0107 amunicji.<\/p>\n<p>Dynamic to sprawdzony wyb\u00f3r dla wymagaj\u0105cych zawodnik\u00f3w \u2013 zapewnia stabilne dzia\u0142anie, wysok\u0105 jako\u015b\u0107 wykonania i pewno\u015b\u0107 w ka\u017cdej sytuacji na torze.<\/p>\n","protected":false},"featured_media":527,"comment_status":"open","ping_status":"closed","template":"","meta":{"_et_pb_use_builder":"","_et_pb_old_content":"","_et_gb_content_width":""},"product_brand":[],"product_cat":[23],"product_tag":[],"class_list":{"0":"post-526","1":"product","2":"type-product","3":"status-publish","4":"has-post-thumbnail","6":"product_cat-amunicja","8":"first","9":"instock","10":"shipping-taxable","11":"product-type-simple"},"_links":{"self":[{"href":"https:\/\/salonmysliwskirys.pl\/index.php?rest_route=\/wp\/v2\/product\/526","targetHints":{"allow":["GET"]}}],"collection":[{"href":"https:\/\/salonmysliwskirys.pl\/index.php?rest_route=\/wp\/v2\/product"}],"about":[{"href":"https:\/\/salonmysliwskirys.pl\/index.php?rest_route=\/wp\/v2\/types\/product"}],"replies":[{"embeddable":true,"href":"https:\/\/salonmysliwskirys.pl\/index.php?rest_route=%2Fwp%2Fv2%2Fcomments&post=526"}],"wp:featuredmedia":[{"embeddable":true,"href":"https:\/\/salonmysliwskirys.pl\/index.php?rest_route=\/wp\/v2\/media\/527"}],"wp:attachment":[{"href":"https:\/\/salonmysliwskirys.pl\/index.php?rest_route=%2Fwp%2Fv2%2Fmedia&parent=526"}],"wp:term":[{"taxonomy":"product_brand","embeddable":true,"href":"https:\/\/salonmysliwskirys.pl\/index.php?rest_route=%2Fwp%2Fv2%2Fproduct_brand&post=526"},{"taxonomy":"product_cat","embeddable":true,"href":"https:\/\/salonmysliwskirys.pl\/index.php?rest_route=%2Fwp%2Fv2%2Fproduct_cat&post=526"},{"taxonomy":"product_tag","embeddable":true,"href":"https:\/\/salonmysliwskirys.pl\/index.php?rest_route=%2Fwp%2Fv2%2Fproduct_tag&post=526"}],"curies":[{"name":"wp","href":"https:\/\/api.w.org\/{rel}","templated":true}]}}