{"id":522,"date":"2026-04-17T11:55:02","date_gmt":"2026-04-17T11:55:02","guid":{"rendered":"https:\/\/salonmysliwskirys.pl\/?post_type=product&#038;p=522"},"modified":"2026-04-17T11:55:02","modified_gmt":"2026-04-17T11:55:02","slug":"master-skeet","status":"publish","type":"product","link":"https:\/\/salonmysliwskirys.pl\/?product=master-skeet","title":{"rendered":"MASTER  SKEET"},"content":{"rendered":"","protected":false},"excerpt":{"rendered":"<p>Dzi\u0119ki wieloletniemu do\u015bwiadczeniu, ws\u0142uchiwaniu si\u0119 w potrzeby sportowc\u00f3w i zastosowaniu najwy\u017cszej jako\u015bci komponent\u00f3w powsta\u0142a linia amunicji premium stworzona dla najlepszych. Seria Master ze \u015brutem wzbogaconym o 5% antymonu zapewnia doskona\u0142\u0105 skuteczno\u015b\u0107, r\u00f3wnomierne roz\u0142o\u017cenie \u015brucin oraz precyzyjne skupienie na celu.<\/p>\n","protected":false},"featured_media":523,"comment_status":"open","ping_status":"closed","template":"","meta":{"_et_pb_use_builder":"","_et_pb_old_content":"","_et_gb_content_width":""},"product_brand":[],"product_cat":[23],"product_tag":[],"class_list":{"0":"post-522","1":"product","2":"type-product","3":"status-publish","4":"has-post-thumbnail","6":"product_cat-amunicja","8":"first","9":"instock","10":"shipping-taxable","11":"product-type-simple"},"_links":{"self":[{"href":"https:\/\/salonmysliwskirys.pl\/index.php?rest_route=\/wp\/v2\/product\/522","targetHints":{"allow":["GET"]}}],"collection":[{"href":"https:\/\/salonmysliwskirys.pl\/index.php?rest_route=\/wp\/v2\/product"}],"about":[{"href":"https:\/\/salonmysliwskirys.pl\/index.php?rest_route=\/wp\/v2\/types\/product"}],"replies":[{"embeddable":true,"href":"https:\/\/salonmysliwskirys.pl\/index.php?rest_route=%2Fwp%2Fv2%2Fcomments&post=522"}],"wp:featuredmedia":[{"embeddable":true,"href":"https:\/\/salonmysliwskirys.pl\/index.php?rest_route=\/wp\/v2\/media\/523"}],"wp:attachment":[{"href":"https:\/\/salonmysliwskirys.pl\/index.php?rest_route=%2Fwp%2Fv2%2Fmedia&parent=522"}],"wp:term":[{"taxonomy":"product_brand","embeddable":true,"href":"https:\/\/salonmysliwskirys.pl\/index.php?rest_route=%2Fwp%2Fv2%2Fproduct_brand&post=522"},{"taxonomy":"product_cat","embeddable":true,"href":"https:\/\/salonmysliwskirys.pl\/index.php?rest_route=%2Fwp%2Fv2%2Fproduct_cat&post=522"},{"taxonomy":"product_tag","embeddable":true,"href":"https:\/\/salonmysliwskirys.pl\/index.php?rest_route=%2Fwp%2Fv2%2Fproduct_tag&post=522"}],"curies":[{"name":"wp","href":"https:\/\/api.w.org\/{rel}","templated":true}]}}