{"id":514,"date":"2026-04-17T11:39:33","date_gmt":"2026-04-17T11:39:33","guid":{"rendered":"https:\/\/salonmysliwskirys.pl\/?post_type=product&#038;p=514"},"modified":"2026-04-17T11:39:33","modified_gmt":"2026-04-17T11:39:33","slug":"olympic-trap","status":"publish","type":"product","link":"https:\/\/salonmysliwskirys.pl\/?product=olympic-trap","title":{"rendered":"Olympic TRAP"},"content":{"rendered":"","protected":false},"excerpt":{"rendered":"<p>Legendarna linia amunicji sportowej bardzo dobrze znana na polskim i \u015bwiatowym rynku, gdzie zosta\u0142a doceniona przez najlepszych strzelc\u00f3w za idealne po\u0142\u0105czenie wysokiej jako\u015bci i przyst\u0119pnej ceny. Starannie wyselekcjonowane komponenty gwarantuj\u0105 powtarzalno\u015b\u0107, r\u00f3wne roz\u0142o\u017cenie \u015brucin oraz niezwyk\u0142\u0105 skuteczno\u015b\u0107.<\/p>\n","protected":false},"featured_media":515,"comment_status":"open","ping_status":"closed","template":"","meta":{"_et_pb_use_builder":"","_et_pb_old_content":"","_et_gb_content_width":""},"product_brand":[],"product_cat":[23],"product_tag":[],"class_list":{"0":"post-514","1":"product","2":"type-product","3":"status-publish","4":"has-post-thumbnail","6":"product_cat-amunicja","8":"first","9":"instock","10":"shipping-taxable","11":"product-type-simple"},"_links":{"self":[{"href":"https:\/\/salonmysliwskirys.pl\/index.php?rest_route=\/wp\/v2\/product\/514","targetHints":{"allow":["GET"]}}],"collection":[{"href":"https:\/\/salonmysliwskirys.pl\/index.php?rest_route=\/wp\/v2\/product"}],"about":[{"href":"https:\/\/salonmysliwskirys.pl\/index.php?rest_route=\/wp\/v2\/types\/product"}],"replies":[{"embeddable":true,"href":"https:\/\/salonmysliwskirys.pl\/index.php?rest_route=%2Fwp%2Fv2%2Fcomments&post=514"}],"wp:featuredmedia":[{"embeddable":true,"href":"https:\/\/salonmysliwskirys.pl\/index.php?rest_route=\/wp\/v2\/media\/515"}],"wp:attachment":[{"href":"https:\/\/salonmysliwskirys.pl\/index.php?rest_route=%2Fwp%2Fv2%2Fmedia&parent=514"}],"wp:term":[{"taxonomy":"product_brand","embeddable":true,"href":"https:\/\/salonmysliwskirys.pl\/index.php?rest_route=%2Fwp%2Fv2%2Fproduct_brand&post=514"},{"taxonomy":"product_cat","embeddable":true,"href":"https:\/\/salonmysliwskirys.pl\/index.php?rest_route=%2Fwp%2Fv2%2Fproduct_cat&post=514"},{"taxonomy":"product_tag","embeddable":true,"href":"https:\/\/salonmysliwskirys.pl\/index.php?rest_route=%2Fwp%2Fv2%2Fproduct_tag&post=514"}],"curies":[{"name":"wp","href":"https:\/\/api.w.org\/{rel}","templated":true}]}}