{"id":487,"date":"2026-04-16T13:00:09","date_gmt":"2026-04-16T13:00:09","guid":{"rendered":"https:\/\/salonmysliwskirys.pl\/?post_type=product&#038;p=487"},"modified":"2026-04-16T13:00:09","modified_gmt":"2026-04-16T13:00:09","slug":"norma-tipstrike","status":"publish","type":"product","link":"https:\/\/salonmysliwskirys.pl\/?product=norma-tipstrike","title":{"rendered":"NORMA,  TIPSTRIKE"},"content":{"rendered":"<p>Norma Tipstrike \u2013 Natychmiastowe zatrzymanie Norma Tipstrke zosta\u0142 zaprojektowany w taki spos\u00f3b, aby zapewni\u0107 najwy\u017csz\u0105 moc obalaj\u0105c\u0105 po\u0142\u0105czon\u0105 z d\u0142ugotrwa\u0142\u0105 penetracj\u0105, tak by pocisk dotar\u0142 do kluczowych organ\u00f3w zwierzyny. Polimerowy czubek zapewnia ekspansj\u0119 i dostarcza dewastuj\u0105cego efektu dzi\u0119ki konstrukcji p\u0142aszcza pocisku. Aby zachowa\u0107 wysok\u0105 retencj\u0119 wagi, p\u0142aszcz zosta\u0142 wzmocniony mechanicznymi zamkni\u0119ciami, co sprawia, \u017ce Tipstrke jest bezkonkurencyjnym pociskiem na polowania zbiorowe jak i ka\u017cde inne, gdzie natychmiastowe zatrzymanie zwierzyny jest kluczem do sukcesu. &#8211; POCISK TIPSTIRKE G\u0142\u00f3wne zalety pocisk\u00f3w Norma Tipstrike Poprawiona balistyka dzi\u0119ki polimerowej ko\u0144c\u00f3wce Dzi\u0119ki wk\u0142adowi w postaci polimerowego czubka nast\u0119puje lekkie op\u00f3\u017anienie ekspansji co pozytywnie wzmacnia penetracj\u0119 pocisku Dewastuj\u0105cy efekt szokowy dzi\u0119ki sto\u017ckowemu kszta\u0142towi i szybkiemu otwieraniu p\u0142aszcza pocisku Tipstrike Penetracja jest zabezpieczona dzi\u0119ki tylnej cz\u0119\u015bci pocisku wzmocnionej wewn\u0119trznym mechanicznym zamkni\u0119ciem<\/p>\n","protected":false},"excerpt":{"rendered":"<p>Norma Tipstrike \u2013 Natychmiastowe zatrzymanie Norma Tipstrke zosta\u0142 zaprojektowany w taki spos\u00f3b, aby zapewni\u0107 najwy\u017csz\u0105 moc obalaj\u0105c\u0105 po\u0142\u0105czon\u0105 z d\u0142ugotrwa\u0142\u0105 penetracj\u0105, tak by pocisk dotar\u0142 do kluczowych organ\u00f3w zwierzyny. Polimerowy czubek zapewnia ekspansj\u0119 i dostarcza dewastuj\u0105cego efektu dzi\u0119ki konstrukcji p\u0142aszcza pocisku. Aby zachowa\u0107 wysok\u0105 retencj\u0119 wagi, p\u0142aszcz zosta\u0142 wzmocniony mechanicznymi zamkni\u0119ciami, co sprawia, \u017ce Tipstrke [&hellip;]<\/p>\n","protected":false},"featured_media":488,"comment_status":"open","ping_status":"closed","template":"","meta":{"_et_pb_use_builder":"","_et_pb_old_content":"","_et_gb_content_width":""},"product_brand":[],"product_cat":[23],"product_tag":[],"class_list":{"0":"post-487","1":"product","2":"type-product","3":"status-publish","4":"has-post-thumbnail","6":"product_cat-amunicja","8":"first","9":"instock","10":"shipping-taxable","11":"product-type-simple"},"_links":{"self":[{"href":"https:\/\/salonmysliwskirys.pl\/index.php?rest_route=\/wp\/v2\/product\/487","targetHints":{"allow":["GET"]}}],"collection":[{"href":"https:\/\/salonmysliwskirys.pl\/index.php?rest_route=\/wp\/v2\/product"}],"about":[{"href":"https:\/\/salonmysliwskirys.pl\/index.php?rest_route=\/wp\/v2\/types\/product"}],"replies":[{"embeddable":true,"href":"https:\/\/salonmysliwskirys.pl\/index.php?rest_route=%2Fwp%2Fv2%2Fcomments&post=487"}],"wp:featuredmedia":[{"embeddable":true,"href":"https:\/\/salonmysliwskirys.pl\/index.php?rest_route=\/wp\/v2\/media\/488"}],"wp:attachment":[{"href":"https:\/\/salonmysliwskirys.pl\/index.php?rest_route=%2Fwp%2Fv2%2Fmedia&parent=487"}],"wp:term":[{"taxonomy":"product_brand","embeddable":true,"href":"https:\/\/salonmysliwskirys.pl\/index.php?rest_route=%2Fwp%2Fv2%2Fproduct_brand&post=487"},{"taxonomy":"product_cat","embeddable":true,"href":"https:\/\/salonmysliwskirys.pl\/index.php?rest_route=%2Fwp%2Fv2%2Fproduct_cat&post=487"},{"taxonomy":"product_tag","embeddable":true,"href":"https:\/\/salonmysliwskirys.pl\/index.php?rest_route=%2Fwp%2Fv2%2Fproduct_tag&post=487"}],"curies":[{"name":"wp","href":"https:\/\/api.w.org\/{rel}","templated":true}]}}