{"id":485,"date":"2026-04-16T12:45:00","date_gmt":"2026-04-16T12:45:00","guid":{"rendered":"https:\/\/salonmysliwskirys.pl\/?post_type=product&#038;p=485"},"modified":"2026-04-16T12:45:00","modified_gmt":"2026-04-16T12:45:00","slug":"norma-oryx","status":"publish","type":"product","link":"https:\/\/salonmysliwskirys.pl\/?product=norma-oryx","title":{"rendered":"NORMA ORYX"},"content":{"rendered":"<p>Oryx nale\u017cy do nowej generacji pocisk\u00f3w my\u015bliwskich w kt\u00f3rych rdze\u0144 i p\u0142aszcz s\u0105 po\u0142\u0105czone (Bonded). Wynikiem tego jest pocisk z zupe\u0142nie now\u0105 charakterystyk\u0105. Skrupulatnie zaprojektowany p\u0142aszcz, po\u0142\u0105czony z rdzeniem daje pocisk, kt\u00f3ry nawet po uderzeniu w grub\u0105 ko\u015b\u0107 nie ulegnie fragmentacji ale podda si\u0119 ca\u0142kowicie grzybkowaniu, nawet gdy zetknie si\u0119 tylko z tkank\u0105 mi\u0119kk\u0105. Du\u017ca rzesza my\u015bliwych chce pocisku kt\u00f3rego masa ca\u0142kowita pozostanie najwi\u0119ksza i resztki pocisku nie rozejd\u0105 si\u0119 po tuszy upolowanego zwierz\u0119cia. Rygorystyczne tolerancje p\u0142aszcza to klucz do sukcesu. Konstrukcja amunicji Norma Oryx 308 Win pozwala na wykorzystanie stosunkowo cienkiego p\u0142aszcza. Nieustannego d\u0105\u017cenie do doskona\u0142o\u015bci w u\u017cytych materia\u0142ach, pomiarach i kombinacji wag poszczeg\u00f3lnych element\u00f3w oraz wyj\u0105tkowy proces produkcyjny zapewnia doskona\u0142\u0105 celno\u015b\u0107. Polowanie na ma\u0142\u0105 i \u015bredni\u0105 zwierzyn\u0119 czy strza\u0142y na tkank\u0119 mi\u0119kk\u0105 wymagaj\u0105 szybkiej ekspansji pocisku. Konstrukcja typu Bonded oraz cienki p\u0142aszcz pozwalaj\u0105 na szybkie rozwini\u0119cie si\u0119 pocisku ORYX.<\/p>\n","protected":false},"excerpt":{"rendered":"<p>Oryx nale\u017cy do nowej generacji pocisk\u00f3w my\u015bliwskich w kt\u00f3rych rdze\u0144 i p\u0142aszcz s\u0105 po\u0142\u0105czone (Bonded). Wynikiem tego jest pocisk z zupe\u0142nie now\u0105 charakterystyk\u0105. Skrupulatnie zaprojektowany p\u0142aszcz, po\u0142\u0105czony z rdzeniem daje pocisk, kt\u00f3ry nawet po uderzeniu w grub\u0105 ko\u015b\u0107 nie ulegnie fragmentacji ale podda si\u0119 ca\u0142kowicie grzybkowaniu, nawet gdy zetknie si\u0119 tylko z tkank\u0105 mi\u0119kk\u0105. Du\u017ca [&hellip;]<\/p>\n","protected":false},"featured_media":486,"comment_status":"open","ping_status":"closed","template":"","meta":{"_et_pb_use_builder":"","_et_pb_old_content":"","_et_gb_content_width":""},"product_brand":[],"product_cat":[23],"product_tag":[],"class_list":{"0":"post-485","1":"product","2":"type-product","3":"status-publish","4":"has-post-thumbnail","6":"product_cat-amunicja","8":"first","9":"instock","10":"shipping-taxable","11":"product-type-simple"},"_links":{"self":[{"href":"https:\/\/salonmysliwskirys.pl\/index.php?rest_route=\/wp\/v2\/product\/485","targetHints":{"allow":["GET"]}}],"collection":[{"href":"https:\/\/salonmysliwskirys.pl\/index.php?rest_route=\/wp\/v2\/product"}],"about":[{"href":"https:\/\/salonmysliwskirys.pl\/index.php?rest_route=\/wp\/v2\/types\/product"}],"replies":[{"embeddable":true,"href":"https:\/\/salonmysliwskirys.pl\/index.php?rest_route=%2Fwp%2Fv2%2Fcomments&post=485"}],"wp:featuredmedia":[{"embeddable":true,"href":"https:\/\/salonmysliwskirys.pl\/index.php?rest_route=\/wp\/v2\/media\/486"}],"wp:attachment":[{"href":"https:\/\/salonmysliwskirys.pl\/index.php?rest_route=%2Fwp%2Fv2%2Fmedia&parent=485"}],"wp:term":[{"taxonomy":"product_brand","embeddable":true,"href":"https:\/\/salonmysliwskirys.pl\/index.php?rest_route=%2Fwp%2Fv2%2Fproduct_brand&post=485"},{"taxonomy":"product_cat","embeddable":true,"href":"https:\/\/salonmysliwskirys.pl\/index.php?rest_route=%2Fwp%2Fv2%2Fproduct_cat&post=485"},{"taxonomy":"product_tag","embeddable":true,"href":"https:\/\/salonmysliwskirys.pl\/index.php?rest_route=%2Fwp%2Fv2%2Fproduct_tag&post=485"}],"curies":[{"name":"wp","href":"https:\/\/api.w.org\/{rel}","templated":true}]}}