{"id":483,"date":"2026-04-16T12:24:57","date_gmt":"2026-04-16T12:24:57","guid":{"rendered":"https:\/\/salonmysliwskirys.pl\/?post_type=product&#038;p=483"},"modified":"2026-04-16T12:27:05","modified_gmt":"2026-04-16T12:27:05","slug":"12-70-saga-trap-28gr-25szt","status":"publish","type":"product","link":"https:\/\/salonmysliwskirys.pl\/?product=12-70-saga-trap-28gr-25szt","title":{"rendered":"12\/70 SAGA TRAP 28gr (25szt.)"},"content":{"rendered":"<p>Kaliber<br \/>\n    12\/70<br \/>\nWaga g<br \/>\n    28<br \/>\nPr\u0119dko\u015b\u0107 V0 (m\/s)<br \/>\n    410<br \/>\nIlo\u015b\u0107 sztuk w opakowaniu<br \/>\n    25<br \/>\nOkucie (mm)<br \/>\n    13<br \/>\nNawa\u017cka (gr)<br \/>\n    28<br \/>\nNr \u015brutu<br \/>\n    7,5 <\/p>\n","protected":false},"excerpt":{"rendered":"<p>Kaliber 12\/70 Waga g 28 Pr\u0119dko\u015b\u0107 V0 (m\/s) 410 Ilo\u015b\u0107 sztuk w opakowaniu 25 Okucie (mm) 13 Nawa\u017cka (gr) 28 Nr \u015brutu 7,5<\/p>\n","protected":false},"featured_media":480,"comment_status":"open","ping_status":"closed","template":"","meta":{"_et_pb_use_builder":"","_et_pb_old_content":"","_et_gb_content_width":""},"product_brand":[],"product_cat":[23],"product_tag":[],"class_list":{"0":"post-483","1":"product","2":"type-product","3":"status-publish","4":"has-post-thumbnail","6":"product_cat-amunicja","8":"first","9":"instock","10":"shipping-taxable","11":"product-type-simple"},"_links":{"self":[{"href":"https:\/\/salonmysliwskirys.pl\/index.php?rest_route=\/wp\/v2\/product\/483","targetHints":{"allow":["GET"]}}],"collection":[{"href":"https:\/\/salonmysliwskirys.pl\/index.php?rest_route=\/wp\/v2\/product"}],"about":[{"href":"https:\/\/salonmysliwskirys.pl\/index.php?rest_route=\/wp\/v2\/types\/product"}],"replies":[{"embeddable":true,"href":"https:\/\/salonmysliwskirys.pl\/index.php?rest_route=%2Fwp%2Fv2%2Fcomments&post=483"}],"wp:featuredmedia":[{"embeddable":true,"href":"https:\/\/salonmysliwskirys.pl\/index.php?rest_route=\/wp\/v2\/media\/480"}],"wp:attachment":[{"href":"https:\/\/salonmysliwskirys.pl\/index.php?rest_route=%2Fwp%2Fv2%2Fmedia&parent=483"}],"wp:term":[{"taxonomy":"product_brand","embeddable":true,"href":"https:\/\/salonmysliwskirys.pl\/index.php?rest_route=%2Fwp%2Fv2%2Fproduct_brand&post=483"},{"taxonomy":"product_cat","embeddable":true,"href":"https:\/\/salonmysliwskirys.pl\/index.php?rest_route=%2Fwp%2Fv2%2Fproduct_cat&post=483"},{"taxonomy":"product_tag","embeddable":true,"href":"https:\/\/salonmysliwskirys.pl\/index.php?rest_route=%2Fwp%2Fv2%2Fproduct_tag&post=483"}],"curies":[{"name":"wp","href":"https:\/\/api.w.org\/{rel}","templated":true}]}}