{"id":479,"date":"2026-04-16T12:19:02","date_gmt":"2026-04-16T12:19:02","guid":{"rendered":"https:\/\/salonmysliwskirys.pl\/?post_type=product&#038;p=479"},"modified":"2026-04-16T12:19:02","modified_gmt":"2026-04-16T12:19:02","slug":"12-70-saga-trap-24gr-25szt","status":"publish","type":"product","link":"https:\/\/salonmysliwskirys.pl\/?product=12-70-saga-trap-24gr-25szt","title":{"rendered":"12\/70 SAGA TRAP 24gr (25szt.)"},"content":{"rendered":"<p>Amunicja SAGA zosta\u0142a zaprojektowana z my\u015bl\u0105 o wysokiej skuteczno\u015bci oraz komforcie strzelania. Starannie dobrane komponenty zapewniaj\u0105:<\/p>\n<p>r\u00f3wnomierne pokrycie celu \u015brutem,<br \/>\nstabiln\u0105 pr\u0119dko\u015b\u0107 wylotow\u0105,<br \/>\nograniczony odrzut,<br \/>\nwysok\u0105 powtarzalno\u015b\u0107 wynik\u00f3w strza\u0142\u00f3w.<\/p>\n<p>To uniwersalny wyb\u00f3r, odpowiedni zar\u00f3wno do treningu strzeleckiego i zawod\u00f3w, jak i do polowa\u0144 na drobn\u0105 zwierzyn\u0119.<\/p>\n","protected":false},"excerpt":{"rendered":"<p>Kaliber<br \/>\n    12\/70<br \/>\nWaga g<br \/>\n    24<br \/>\nPr\u0119dko\u015b\u0107 V0 (m\/s)<br \/>\n    420<br \/>\nIlo\u015b\u0107 sztuk w opakowaniu<br \/>\n    25<br \/>\nOkucie (mm)<br \/>\n    13<br \/>\nNawa\u017cka (gr)<br \/>\n    24<br \/>\nNr \u015brutu<br \/>\n    7,5 <\/p>\n","protected":false},"featured_media":480,"comment_status":"open","ping_status":"closed","template":"","meta":{"_et_pb_use_builder":"","_et_pb_old_content":"","_et_gb_content_width":""},"product_brand":[],"product_cat":[23],"product_tag":[],"class_list":{"0":"post-479","1":"product","2":"type-product","3":"status-publish","4":"has-post-thumbnail","6":"product_cat-amunicja","8":"first","9":"instock","10":"shipping-taxable","11":"product-type-simple"},"_links":{"self":[{"href":"https:\/\/salonmysliwskirys.pl\/index.php?rest_route=\/wp\/v2\/product\/479","targetHints":{"allow":["GET"]}}],"collection":[{"href":"https:\/\/salonmysliwskirys.pl\/index.php?rest_route=\/wp\/v2\/product"}],"about":[{"href":"https:\/\/salonmysliwskirys.pl\/index.php?rest_route=\/wp\/v2\/types\/product"}],"replies":[{"embeddable":true,"href":"https:\/\/salonmysliwskirys.pl\/index.php?rest_route=%2Fwp%2Fv2%2Fcomments&post=479"}],"wp:featuredmedia":[{"embeddable":true,"href":"https:\/\/salonmysliwskirys.pl\/index.php?rest_route=\/wp\/v2\/media\/480"}],"wp:attachment":[{"href":"https:\/\/salonmysliwskirys.pl\/index.php?rest_route=%2Fwp%2Fv2%2Fmedia&parent=479"}],"wp:term":[{"taxonomy":"product_brand","embeddable":true,"href":"https:\/\/salonmysliwskirys.pl\/index.php?rest_route=%2Fwp%2Fv2%2Fproduct_brand&post=479"},{"taxonomy":"product_cat","embeddable":true,"href":"https:\/\/salonmysliwskirys.pl\/index.php?rest_route=%2Fwp%2Fv2%2Fproduct_cat&post=479"},{"taxonomy":"product_tag","embeddable":true,"href":"https:\/\/salonmysliwskirys.pl\/index.php?rest_route=%2Fwp%2Fv2%2Fproduct_tag&post=479"}],"curies":[{"name":"wp","href":"https:\/\/api.w.org\/{rel}","templated":true}]}}