{"id":441,"date":"2026-04-15T13:53:45","date_gmt":"2026-04-15T13:53:45","guid":{"rendered":"https:\/\/salonmysliwskirys.pl\/?post_type=product&#038;p=441"},"modified":"2026-04-15T13:53:45","modified_gmt":"2026-04-15T13:53:45","slug":"luneta-celownicza-delta-titanium-hd-25-15x50-4a-s","status":"publish","type":"product","link":"https:\/\/salonmysliwskirys.pl\/?product=luneta-celownicza-delta-titanium-hd-25-15x50-4a-s","title":{"rendered":"Luneta celownicza Delta Titanium HD 2,5-15&#215;50 4A S"},"content":{"rendered":"<p>Uniwersalna luneta my\u015bliwska 2.5\u201315x (zoom 6x)<br \/>\nLuneta oferuje szeroki zakres powi\u0119kszenia od 2.5x do 15x, co sprawia, \u017ce nadaje si\u0119 zar\u00f3wno do strza\u0142\u00f3w na kr\u00f3tkim, jak i d\u0142ugim dystansie \u2013 idealna do polowania indywidualnego.<\/p>\n<p>Najwa\u017cniejsze cechy:<\/p>\n<p>Siatka celownicza 4A S \u2013 cienka, precyzyjna i czytelna<br \/>\nSkala metryczna dopasowana do regulacji \u2013 1 klik = 1\/4 MOA<br \/>\nWysoka transmisja \u015bwiat\u0142a \u2013 jasny i wyra\u017any obraz<br \/>\nWype\u0142nienie azotem \u2013 odporno\u015b\u0107 na wod\u0119 i zaparowanie<br \/>\nSolidna konstrukcja \u2013 sprawdzona w testach niemieckiego instytutu DEVA<\/p>\n<p>Materia\u0142y:<\/p>\n<p>Aluminium \u2013 70%<br \/>\nMosi\u0105dz \u2013 20%<br \/>\nStal \u2013 10%<\/p>\n<p>Podsumowanie:<br \/>\nTo wszechstronna, wytrzyma\u0142a luneta o du\u017cym zakresie powi\u0119ksze\u0144, zapewniaj\u0105ca precyzj\u0119 i dobr\u0105 widoczno\u015b\u0107 w r\u00f3\u017cnych warunkach terenowych i pogodowych.<\/p>\n","protected":false},"excerpt":{"rendered":"<p>Seria celownik\u00f3w Delta Titanium HD swoj\u0105 du\u017c\u0105 popularno\u015b\u0107 w Europie i na \u015bwiecie zawdzi\u0119cza znakomitym parametrom, wsp\u00f3lnym dla wszystkich modeli z tej linii. Lunety te wyr\u00f3\u017cniaj\u0105 si\u0119 wyj\u0105tkow\u0105 jako\u015bci\u0105 oraz precyzj\u0105 wykonania \u2013 ka\u017cdy detal zosta\u0142 dopracowany z my\u015bl\u0105 o u\u017cytkowniku ko\u0144cowym.<\/p>\n<p>Charakterystyczn\u0105 cech\u0105 serii jest wysoka transmisja \u015bwiat\u0142a, si\u0119gaj\u0105ca oko\u0142o 92% dla ca\u0142ego uk\u0142adu optycznego, co umo\u017cliwia skuteczne polowanie nawet przy bardzo s\u0142abym o\u015bwietleniu. Dodatkowo celowniki cechuj\u0105 si\u0119 du\u017c\u0105 odporno\u015bci\u0105 mechaniczn\u0105, pozwalaj\u0105c\u0105 na bezproblemowe u\u017cytkowanie nawet na broni o silnym odrzucie.<\/p>\n<p>Zastosowane innowacyjne rozwi\u0105zania konstrukcyjne przek\u0142adaj\u0105 si\u0119 na wi\u0119kszy komfort i precyzj\u0119 u\u017cytkowania. Optyka HD zapewnia doskona\u0142\u0105 ostro\u015b\u0107 obrazu, a szerokie pole widzenia u\u0142atwia szybkie i dok\u0142adne zlokalizowanie celu.<\/p>\n","protected":false},"featured_media":442,"comment_status":"open","ping_status":"closed","template":"","meta":{"_et_pb_use_builder":"","_et_pb_old_content":"","_et_gb_content_width":""},"product_brand":[],"product_cat":[29],"product_tag":[],"class_list":{"0":"post-441","1":"product","2":"type-product","3":"status-publish","4":"has-post-thumbnail","6":"product_cat-optyka","8":"first","9":"instock","10":"shipping-taxable","11":"product-type-simple"},"_links":{"self":[{"href":"https:\/\/salonmysliwskirys.pl\/index.php?rest_route=\/wp\/v2\/product\/441","targetHints":{"allow":["GET"]}}],"collection":[{"href":"https:\/\/salonmysliwskirys.pl\/index.php?rest_route=\/wp\/v2\/product"}],"about":[{"href":"https:\/\/salonmysliwskirys.pl\/index.php?rest_route=\/wp\/v2\/types\/product"}],"replies":[{"embeddable":true,"href":"https:\/\/salonmysliwskirys.pl\/index.php?rest_route=%2Fwp%2Fv2%2Fcomments&post=441"}],"wp:featuredmedia":[{"embeddable":true,"href":"https:\/\/salonmysliwskirys.pl\/index.php?rest_route=\/wp\/v2\/media\/442"}],"wp:attachment":[{"href":"https:\/\/salonmysliwskirys.pl\/index.php?rest_route=%2Fwp%2Fv2%2Fmedia&parent=441"}],"wp:term":[{"taxonomy":"product_brand","embeddable":true,"href":"https:\/\/salonmysliwskirys.pl\/index.php?rest_route=%2Fwp%2Fv2%2Fproduct_brand&post=441"},{"taxonomy":"product_cat","embeddable":true,"href":"https:\/\/salonmysliwskirys.pl\/index.php?rest_route=%2Fwp%2Fv2%2Fproduct_cat&post=441"},{"taxonomy":"product_tag","embeddable":true,"href":"https:\/\/salonmysliwskirys.pl\/index.php?rest_route=%2Fwp%2Fv2%2Fproduct_tag&post=441"}],"curies":[{"name":"wp","href":"https:\/\/api.w.org\/{rel}","templated":true}]}}