{"id":437,"date":"2026-04-15T09:28:12","date_gmt":"2026-04-15T09:28:12","guid":{"rendered":"https:\/\/salonmysliwskirys.pl\/?post_type=product&#038;p=437"},"modified":"2026-04-15T09:28:12","modified_gmt":"2026-04-15T09:28:12","slug":"pistolet-cz-p-07-22-lr","status":"publish","type":"product","link":"https:\/\/salonmysliwskirys.pl\/?product=pistolet-cz-p-07-22-lr","title":{"rendered":"Pistolet CZ P-07 22 Lr"},"content":{"rendered":"<p>Specyfikacja<br \/>\nKaliber: .22 LR<br \/>\nPojemno\u015b\u0107 magazynka: 10 naboj\u00f3w<br \/>\nMechanizm spustowy: DA\/SA (Double Action \/ Single Action)<br \/>\nSzkielet: polimer wzmocniony w\u0142\u00f3knem szklanym<br \/>\nZamek: stalowy<br \/>\nZabezpieczenia: mo\u017cliwo\u015b\u0107 wyboru mi\u0119dzy bezpiecznikiem manualnym a decockerem<br \/>\nPrzyrz\u0105dy celownicze: stalowe, regulowana szczerbinka<br \/>\nSzyna monta\u017cowa: Picatinny (do instalacji akcesori\u00f3w, np. latarki lub wska\u017anika laserowego)<br \/>\nWygoda i u\u017cytkowanie<\/p>\n<p>Pistolet wyr\u00f3\u017cnia si\u0119 bardzo dobrym wywa\u017ceniem oraz stabilno\u015bci\u0105, co pozwala u\u017cytkownikowi skupi\u0107 si\u0119 na technice strzelania przy minimalnie odczuwalnym odrzucie. Ergonomiczny chwyt z mo\u017cliwo\u015bci\u0105 regulacji oraz p\u0142ynnie dzia\u0142aj\u0105cy mechanizm spustowy sprawiaj\u0105, \u017ce model Kadet doskonale sprawdza si\u0119 jako narz\u0119dzie treningowe.<\/p>\n<p>Przeznaczenie<\/p>\n<p>Model CZ P-07 Kadet w kalibrze .22 LR to znakomita propozycja dla os\u00f3b poszukuj\u0105cych broni treningowej, odwzorowuj\u0105cej cechy pe\u0142nowymiarowego pistoletu bojowego. Idealnie nadaje si\u0119 do:<\/p>\n<p>codziennych trening\u00f3w technicznych,<br \/>\nrekreacyjnego strzelania (tzw. plinking),<br \/>\nnauki i doskonalenia umiej\u0119tno\u015bci strzeleckich.<\/p>\n<p>To uniwersalny wyb\u00f3r zar\u00f3wno dla pocz\u0105tkuj\u0105cych, jak i bardziej zaawansowanych strzelc\u00f3w.<\/p>\n","protected":false},"excerpt":{"rendered":"<p>CZ P-07 Kadet Black kal. .22 LR to kompaktowy pistolet bocznego zap\u0142onu, kt\u00f3ry \u0142\u0105czy klasyczn\u0105, ergonomiczn\u0105 sylwetk\u0119 modelu P-07 z ekonomiczn\u0105 i \u0142atwo dost\u0119pn\u0105 amunicj\u0105 .22 LR. Stanowi doskona\u0142y wyb\u00f3r zar\u00f3wno do treningu strzeleckiego, jak i rekreacyjnego u\u017cytkowania czy nauki podstaw pos\u0142ugiwania si\u0119 broni\u0105 kr\u00f3tk\u0105.<\/p>\n<p>Dzi\u0119ki zachowaniu identycznej ergonomii i obs\u0142ugi jak w wersji centralnego zap\u0142onu, umo\u017cliwia realistyczne doskonalenie techniki strzeleckiej przy znacznie ni\u017cszych kosztach eksploatacji.<\/p>\n","protected":false},"featured_media":438,"comment_status":"open","ping_status":"closed","template":"","meta":{"_et_pb_use_builder":"","_et_pb_old_content":"","_et_gb_content_width":""},"product_brand":[],"product_cat":[18],"product_tag":[],"class_list":{"0":"post-437","1":"product","2":"type-product","3":"status-publish","4":"has-post-thumbnail","6":"product_cat-bron","8":"first","9":"instock","10":"shipping-taxable","11":"product-type-simple"},"_links":{"self":[{"href":"https:\/\/salonmysliwskirys.pl\/index.php?rest_route=\/wp\/v2\/product\/437","targetHints":{"allow":["GET"]}}],"collection":[{"href":"https:\/\/salonmysliwskirys.pl\/index.php?rest_route=\/wp\/v2\/product"}],"about":[{"href":"https:\/\/salonmysliwskirys.pl\/index.php?rest_route=\/wp\/v2\/types\/product"}],"replies":[{"embeddable":true,"href":"https:\/\/salonmysliwskirys.pl\/index.php?rest_route=%2Fwp%2Fv2%2Fcomments&post=437"}],"wp:featuredmedia":[{"embeddable":true,"href":"https:\/\/salonmysliwskirys.pl\/index.php?rest_route=\/wp\/v2\/media\/438"}],"wp:attachment":[{"href":"https:\/\/salonmysliwskirys.pl\/index.php?rest_route=%2Fwp%2Fv2%2Fmedia&parent=437"}],"wp:term":[{"taxonomy":"product_brand","embeddable":true,"href":"https:\/\/salonmysliwskirys.pl\/index.php?rest_route=%2Fwp%2Fv2%2Fproduct_brand&post=437"},{"taxonomy":"product_cat","embeddable":true,"href":"https:\/\/salonmysliwskirys.pl\/index.php?rest_route=%2Fwp%2Fv2%2Fproduct_cat&post=437"},{"taxonomy":"product_tag","embeddable":true,"href":"https:\/\/salonmysliwskirys.pl\/index.php?rest_route=%2Fwp%2Fv2%2Fproduct_tag&post=437"}],"curies":[{"name":"wp","href":"https:\/\/api.w.org\/{rel}","templated":true}]}}