{"id":393,"date":"2026-04-14T12:26:27","date_gmt":"2026-04-14T12:26:27","guid":{"rendered":"https:\/\/salonmysliwskirys.pl\/?post_type=product&#038;p=393"},"modified":"2026-04-14T12:26:27","modified_gmt":"2026-04-14T12:26:27","slug":"polautomat-cz-scorpion-evo3-s1-compensator-kal-9x19","status":"publish","type":"product","link":"https:\/\/salonmysliwskirys.pl\/?product=polautomat-cz-scorpion-evo3-s1-compensator-kal-9x19","title":{"rendered":"P\u00d3\u0141AUTOMAT CZ SCORPION EVO3 S1 COMPENSATOR (KAL. 9X19)"},"content":{"rendered":"<p>Karabinek CZ SCORPION w kalibrze 9\u00d719 mm, zaprojektowany pod strzelectwo sportowe i rekreacyjne. Poni\u017cej masz uporz\u0105dkowane najwa\u017cniejsze cechy tego modelu:<\/p>\n<p>Lufa i balistyka<\/p>\n<p>D\u0142ugo\u015b\u0107 lufy: 412 mm (16&#8243;)<br \/>\nLufa: kuta na zimno (wi\u0119ksza trwa\u0142o\u015b\u0107 i \u017cywotno\u015b\u0107)<br \/>\nSkok gwintu: 1:10, 6 bruzd<br \/>\nGwint na wylocie: 1\/2&#8243;\u00d728 UNEF (pod urz\u0105dzenia wylotowe, np. t\u0142umik\/hybrydowy kompensator)<\/p>\n<p>Kaliber i zasilanie<\/p>\n<p>Kaliber: 9\u00d719 mm (Luger \/ Para)<br \/>\nPojemno\u015b\u0107 magazynka: 10 naboj\u00f3w<\/p>\n<p>Ergonomia i konstrukcja<\/p>\n<p>\u0141o\u017ce z systemem M-LOK (monta\u017c akcesori\u00f3w)<br \/>\nSzkielet: polimer wzmacniany w\u0142\u00f3knem szklanym<br \/>\nOtwarte przyrz\u0105dy celownicze w zestawie + mo\u017cliwo\u015b\u0107 monta\u017cu optyki na szynie Picatinny<\/p>\n<p>Wymiary i masa<\/p>\n<p>D\u0142ugo\u015b\u0107 ca\u0142kowita: 665 mm (z\u0142o\u017cony) \/ 860\u2013910 mm (roz\u0142o\u017cony)<br \/>\nSzeroko\u015b\u0107: 60 mm (z\u0142o\u017cony) \/ 82 mm (roz\u0142o\u017cony)<br \/>\nWysoko\u015b\u0107: 215 mm<br \/>\nWaga: ok. 3,05 kg (bez magazynka)<\/p>\n<p>Komfort strzelania<\/p>\n<p>Dwukomorowy hamulec wylotowy na lufie 16&#8243;<br \/>\nRelatywnie ci\u0119\u017csza, stabilna konstrukcja jak na PCC<br \/>\nSpust: ok. 48 N (z tolerancj\u0105 \u00b110 N)<\/p>\n<p>W skr\u00f3cie: to bro\u0144 nastawiona na stabilno\u015b\u0107, niski odrzut i mo\u017cliwo\u015b\u0107 rozbudowy akcesoriami, typowa dla dynamicznego strzelectwa sportowego (np. IPSC PCC) i rekreacji.<\/p>\n","protected":false},"excerpt":{"rendered":"<p>P\u00d3\u0141AUTOMAT CZ SCORPION EVO3, bardzo ma\u0142o u\u017cywany,bez \u015blad\u00f3w u\u017cytkowania, wraz z kolimatorem.<\/p>\n","protected":false},"featured_media":396,"comment_status":"open","ping_status":"closed","template":"","meta":{"_et_pb_use_builder":"","_et_pb_old_content":"","_et_gb_content_width":""},"product_brand":[],"product_cat":[18],"product_tag":[],"class_list":{"0":"post-393","1":"product","2":"type-product","3":"status-publish","4":"has-post-thumbnail","6":"product_cat-bron","8":"first","9":"instock","10":"shipping-taxable","11":"purchasable","12":"product-type-simple"},"_links":{"self":[{"href":"https:\/\/salonmysliwskirys.pl\/index.php?rest_route=\/wp\/v2\/product\/393","targetHints":{"allow":["GET"]}}],"collection":[{"href":"https:\/\/salonmysliwskirys.pl\/index.php?rest_route=\/wp\/v2\/product"}],"about":[{"href":"https:\/\/salonmysliwskirys.pl\/index.php?rest_route=\/wp\/v2\/types\/product"}],"replies":[{"embeddable":true,"href":"https:\/\/salonmysliwskirys.pl\/index.php?rest_route=%2Fwp%2Fv2%2Fcomments&post=393"}],"wp:featuredmedia":[{"embeddable":true,"href":"https:\/\/salonmysliwskirys.pl\/index.php?rest_route=\/wp\/v2\/media\/396"}],"wp:attachment":[{"href":"https:\/\/salonmysliwskirys.pl\/index.php?rest_route=%2Fwp%2Fv2%2Fmedia&parent=393"}],"wp:term":[{"taxonomy":"product_brand","embeddable":true,"href":"https:\/\/salonmysliwskirys.pl\/index.php?rest_route=%2Fwp%2Fv2%2Fproduct_brand&post=393"},{"taxonomy":"product_cat","embeddable":true,"href":"https:\/\/salonmysliwskirys.pl\/index.php?rest_route=%2Fwp%2Fv2%2Fproduct_cat&post=393"},{"taxonomy":"product_tag","embeddable":true,"href":"https:\/\/salonmysliwskirys.pl\/index.php?rest_route=%2Fwp%2Fv2%2Fproduct_tag&post=393"}],"curies":[{"name":"wp","href":"https:\/\/api.w.org\/{rel}","templated":true}]}}