{"id":382,"date":"2026-04-14T10:52:49","date_gmt":"2026-04-14T10:52:49","guid":{"rendered":"https:\/\/salonmysliwskirys.pl\/?post_type=product&#038;p=382"},"modified":"2026-04-17T11:13:27","modified_gmt":"2026-04-17T11:13:27","slug":"sztucer-cz-600-ergo","status":"publish","type":"product","link":"https:\/\/salonmysliwskirys.pl\/?product=sztucer-cz-600-ergo","title":{"rendered":"SZTUCER CZ 600 ERGO 223 Rem z lunet\u0105 MeoSport 3-15&#215;50 RD"},"content":{"rendered":"<p>CZ 600 ERGO to nowoczesny karabin powtarzalny klasy premium z serii CZ 600, wyposa\u017cony w lekk\u0105, ergonomiczn\u0105 osad\u0119 wykonan\u0105 z polimeru. Kolba ma profilowany chwyt pistoletowy z wyra\u017anym podparciem pod kciuk oraz mi\u0119kkie, teksturowane powierzchnie chwytne, kt\u00f3re poprawiaj\u0105 kontrol\u0119 i komfort u\u017cytkowania w r\u00f3\u017cnych warunkach.<\/p>\n<p>Model zosta\u0142 zaprojektowany z my\u015bl\u0105 o wysokiej precyzji strza\u0142u \u2014 producent deklaruje powtarzaln\u0105 celno\u015b\u0107 na poziomie sub-MOA (poni\u017cej 1 minuty k\u0105towej) testowan\u0105 na dystansie 100 metr\u00f3w przy u\u017cyciu fabrycznej amunicji klasy match, w warunkach kontrolnych.<\/p>\n<p>Karabin dost\u0119pny jest w szerokiej gamie popularnych kalibr\u00f3w, od .223 Remington a\u017c do .300 Winchester Magnum, co pozwala dopasowa\u0107 go do zastosowa\u0144 sportowych, my\u015bliwskich i treningowych.<\/p>\n<p>Do monta\u017cu optyki zastosowano zintegrowane rozwi\u0105zania monta\u017cowe na komorze zamkowej wykonanej z wytrzyma\u0142ego stopu aluminium, umo\u017cliwiaj\u0105ce stabilne i pewne osadzenie celownika.<\/p>\n<p>CZ 600 ERGO \u0142\u0105czy nowoczesn\u0105 ergonomi\u0119, nisk\u0105 mas\u0119 oraz wysok\u0105 precyzj\u0119 wykonania, stanowi\u0105c uniwersaln\u0105 platform\u0119 do strzelectwa precyzyjnego i u\u017cytkowego.<\/p>\n","protected":false},"excerpt":{"rendered":"<p>Bro\u0144 u\u017cywana w idealnym stanie,bez znak\u00f3w u\u017cytkowania. Bardzo dobra cena w komplecie<\/p>\n","protected":false},"featured_media":383,"comment_status":"open","ping_status":"closed","template":"","meta":{"_et_pb_use_builder":"","_et_pb_old_content":"","_et_gb_content_width":""},"product_brand":[],"product_cat":[18],"product_tag":[],"class_list":{"0":"post-382","1":"product","2":"type-product","3":"status-publish","4":"has-post-thumbnail","6":"product_cat-bron","8":"first","9":"instock","10":"shipping-taxable","11":"purchasable","12":"product-type-simple"},"_links":{"self":[{"href":"https:\/\/salonmysliwskirys.pl\/index.php?rest_route=\/wp\/v2\/product\/382","targetHints":{"allow":["GET"]}}],"collection":[{"href":"https:\/\/salonmysliwskirys.pl\/index.php?rest_route=\/wp\/v2\/product"}],"about":[{"href":"https:\/\/salonmysliwskirys.pl\/index.php?rest_route=\/wp\/v2\/types\/product"}],"replies":[{"embeddable":true,"href":"https:\/\/salonmysliwskirys.pl\/index.php?rest_route=%2Fwp%2Fv2%2Fcomments&post=382"}],"wp:featuredmedia":[{"embeddable":true,"href":"https:\/\/salonmysliwskirys.pl\/index.php?rest_route=\/wp\/v2\/media\/383"}],"wp:attachment":[{"href":"https:\/\/salonmysliwskirys.pl\/index.php?rest_route=%2Fwp%2Fv2%2Fmedia&parent=382"}],"wp:term":[{"taxonomy":"product_brand","embeddable":true,"href":"https:\/\/salonmysliwskirys.pl\/index.php?rest_route=%2Fwp%2Fv2%2Fproduct_brand&post=382"},{"taxonomy":"product_cat","embeddable":true,"href":"https:\/\/salonmysliwskirys.pl\/index.php?rest_route=%2Fwp%2Fv2%2Fproduct_cat&post=382"},{"taxonomy":"product_tag","embeddable":true,"href":"https:\/\/salonmysliwskirys.pl\/index.php?rest_route=%2Fwp%2Fv2%2Fproduct_tag&post=382"}],"curies":[{"name":"wp","href":"https:\/\/api.w.org\/{rel}","templated":true}]}}