{"id":356,"date":"2026-04-14T09:30:23","date_gmt":"2026-04-14T09:30:23","guid":{"rendered":"https:\/\/salonmysliwskirys.pl\/?post_type=product&#038;p=356"},"modified":"2026-04-14T09:30:23","modified_gmt":"2026-04-14T09:30:23","slug":"nasadka-nakladka-noktowizyjna-noktowizor-hikmicro-cheetah-lrf-940-nm","status":"publish","type":"product","link":"https:\/\/salonmysliwskirys.pl\/?product=nasadka-nakladka-noktowizyjna-noktowizor-hikmicro-cheetah-lrf-940-nm","title":{"rendered":"Nasadka nak\u0142adka noktowizyjna noktowizor HIKMICRO Cheetah LRF 940 nm"},"content":{"rendered":"<p>Nasadka noktowizyjna HIKMICRO Cheetah \u2013 cechy<\/p>\n<p>    Bezkonkurencyjny system nocnej obserwacji oparty o nowoczesny detektor Ultra HD.<br \/>\n    Tryb obserwacji dziennej z mo\u017cliwo\u015bci\u0105 pe\u0142nego odwzorowania kolor\u00f3w otoczenia.<br \/>\n    Automatyczne dostosowanie czu\u0142o\u015bci i iluminacji do panuj\u0105cych warunk\u00f3w o\u015bwietlenia.<br \/>\n    Niezwykle wyra\u017any wy\u015bwietlacz OLED 1920 \u00d7 1080 gwarantuj\u0105cy doskona\u0142y obraz.<br \/>\n    Obiektyw o ogniskowej 32 mm oraz algorytm gwarantuj\u0105ce skuteczno\u015b\u0107 podczas pracy.<br \/>\n    Zintegrowany iluminator 940 nm zapewniaj\u0105cy prac\u0119 nawet w kompletnych ciemno\u015bciach.<br \/>\n    Tryby dostosowane do okre\u015blonej pory dnia oraz tryb Defog do lepszej pracy we mgle.<br \/>\n    \u0141atw\u0105 obs\u0142ug\u0119 dzi\u0119ki obszernym, wyczuwalnym nawet w r\u0119kawicach przyciskom.<br \/>\n    Mo\u017cliwo\u015b\u0107 nagrywania film\u00f3w i przechwytywania obraz\u00f3w na wbudowanej pami\u0119ci 64 GB.<br \/>\n    Standard wodoszczelno\u015bci IP67 gwarantuj\u0105cy bardzo wysok\u0105 odporno\u015b\u0107 na zalanie.<\/p>\n<p>Nasadka noktowizyjna HIKMICRO Cheetah \u2013 precyzyjna i funkcjonalna<\/p>\n<p>Sercem urz\u0105dzenia jest niezwykle precyzyjny detektor Ultra HD 2560 \u00d7 1440, zapewniaj\u0105cy bezkonkurencyjn\u0105 szczeg\u00f3\u0142owo\u015b\u0107 obrazu. W po\u0142\u0105czeniu z zaawansowanym wy\u015bwietlaczem w technologii OLED charakteryzuj\u0105cym si\u0119 perfekcyjnym kontrastem, urz\u0105dzenie zapewnia doskona\u0142y obraz. Noktowizor poza skutecznym dzia\u0142aniem w nocy otrzyma\u0142o mo\u017cliwo\u015b\u0107 wy\u015bwietlenia obrazu w realnych barwach przy odpowiednich warunkach o\u015bwietlenia. Dzi\u0119ki temu nie b\u0119dziemy musieli demontowa\u0107 nasadki z lunety nawet podczas strzela\u0144 dziennych. Zintegrowany iluminator pracuj\u0105cy w kompletnie niewidocznym dla oka zakresie 940 nm zagwarantuje natomiast mo\u017cliwo\u015b\u0107 skutecznego dzia\u0142ania nawet w absolutnych ciemno\u015bciach.<\/p>\n<p>To cyfrowy noktowizor \/ celownik nocny z iluminatorem IR 940 nm \u2013 u\u017cywany g\u0142\u00f3wnie do:<br \/>\npolowa\u0144 \ud83e\udd8c<br \/>\nobserwacji nocnej \ud83c\udf19<br \/>\nochrony \/ monitoringu<br \/>\n\ud83d\udcca Jak interpretowa\u0107 Twoje parametry<br \/>\n\ud83d\udc41\ufe0f Obraz i jako\u015b\u0107<br \/>\nFull HD 1920\u00d71080, 30 FPS \u2192 bardzo dobra jako\u015b\u0107 jak na noktowizj\u0119 cyfrow\u0105<br \/>\n25 Hz \u2192 standard, wystarczaj\u0105ce do obserwacji i strza\u0142u<br \/>\nPowi\u0119kszenie 2,7\u00d7 \u2192 sensowny kompromis (nie za w\u0105sko, nie za szeroko)<\/p>\n<p>\ud83d\udc49 W praktyce: obraz b\u0119dzie ostry i p\u0142ynny, ale to nie poziom 4K (wy\u017csze modele s\u0105 dro\u017csze).<\/p>\n<p>\ud83c\udf11 Widoczno\u015b\u0107 nocna<br \/>\n940 nm (IR) \u2192 niewidzialny dla zwierz\u0105t (du\u017cy plus!)<br \/>\nZasi\u0119g ~350\u2013400 m \u2192 realnie skuteczny do ~200\u2013300 m<\/p>\n<p>\ud83d\udc49 940 nm = bardziej \u201estealth\u201d ni\u017c 850 nm, ale troch\u0119 kr\u00f3tszy zasi\u0119g.<\/p>\n<p>\ud83d\udd0b Czas pracy<br \/>\ndo 5,5 h \u2192 OK, ale:<br \/>\nz iluminatorem cz\u0119sto spada do ~2\u20133 h<\/p>\n<p>\ud83d\udc49 warto mie\u0107 zapasowe ogniwa 18650<\/p>\n<p>\ud83e\udde0 Funkcje i pami\u0119\u0107<br \/>\n64 GB pami\u0119ci \u2192 nagrywanie wideo + zdj\u0119cia<br \/>\nWi-Fi (w wi\u0119kszo\u015bci modeli)<br \/>\nnagrywanie po strzale (w niekt\u00f3rych wersjach)<\/p>\n<p>\ud83d\udc49 du\u017cy plus \u2013 mo\u017cesz analizowa\u0107 polowanie p\u00f3\u017aniej<\/p>\n<p>\ud83e\uddf1 Konstrukcja<br \/>\nIP67 \u2192 odporno\u015b\u0107 na deszcz, kurz<br \/>\n~465 g \u2192 lekki jak na noktowizor<br \/>\n32 mm obiektyw \u2192 standard (\u015bredni zasi\u0119g, dobra jasno\u015b\u0107)<br \/>\n\ud83d\udc4d Zalety<br \/>\nbardzo dobra jako\u015b\u0107 obrazu (Full HD)<br \/>\nniewidzialny iluminator 940 nm<br \/>\nnagrywanie + pami\u0119\u0107 64 GB<br \/>\nsolidna konstrukcja (IP67)<br \/>\nrozs\u0105dna waga<\/p>\n","protected":false},"excerpt":{"rendered":"<p>Najnowsza nasadka noktowizyjna HIKMICRO Cheetah oferuje nam nieosi\u0105galny do tej pory poziom szczeg\u00f3\u0142owo\u015bci obrazu uzyskany dzi\u0119ki zastosowaniu detektora Ultra HD. Imponuj\u0105ca rozdzielczo\u015b\u0107 urz\u0105dzenia w po\u0142\u0105czeniu z wy\u015bwietlaczem Full HD na bazie diod OLED gwarantuj\u0105 nam niespotykany komfort obserwacji, co z pewno\u015bci\u0105 doceni\u0105 zar\u00f3wno do\u015bwiadczeni nocni \u0142owcy, jak i osoby, dla kt\u00f3rych u\u017cycie HIKMICRO Cheetah b\u0119dzie pierwszym spotkaniem z noktowizj\u0105 my\u015bliwsk\u0105. Realne powi\u0119kszenie rz\u0119du 1x oraz mo\u017cliwo\u015b\u0107 zastosowania adaptera z reduktorem sprawiaj\u0105 natomiast, \u017ce nasadka b\u0119dzie doskonale wsp\u00f3\u0142pracowa\u0142a z wi\u0119kszo\u015bci\u0105 dost\u0119pnych na rynku lunet celowniczych.<\/p>\n<p>Wersja wyposa\u017cona w zintegrowany dalmierz laserowy.<\/p>\n","protected":false},"featured_media":357,"comment_status":"open","ping_status":"closed","template":"","meta":{"_et_pb_use_builder":"","_et_pb_old_content":"","_et_gb_content_width":""},"product_brand":[],"product_cat":[40],"product_tag":[],"class_list":{"0":"post-356","1":"product","2":"type-product","3":"status-publish","4":"has-post-thumbnail","6":"product_cat-noktowizja","8":"first","9":"instock","10":"shipping-taxable","11":"product-type-simple"},"_links":{"self":[{"href":"https:\/\/salonmysliwskirys.pl\/index.php?rest_route=\/wp\/v2\/product\/356","targetHints":{"allow":["GET"]}}],"collection":[{"href":"https:\/\/salonmysliwskirys.pl\/index.php?rest_route=\/wp\/v2\/product"}],"about":[{"href":"https:\/\/salonmysliwskirys.pl\/index.php?rest_route=\/wp\/v2\/types\/product"}],"replies":[{"embeddable":true,"href":"https:\/\/salonmysliwskirys.pl\/index.php?rest_route=%2Fwp%2Fv2%2Fcomments&post=356"}],"wp:featuredmedia":[{"embeddable":true,"href":"https:\/\/salonmysliwskirys.pl\/index.php?rest_route=\/wp\/v2\/media\/357"}],"wp:attachment":[{"href":"https:\/\/salonmysliwskirys.pl\/index.php?rest_route=%2Fwp%2Fv2%2Fmedia&parent=356"}],"wp:term":[{"taxonomy":"product_brand","embeddable":true,"href":"https:\/\/salonmysliwskirys.pl\/index.php?rest_route=%2Fwp%2Fv2%2Fproduct_brand&post=356"},{"taxonomy":"product_cat","embeddable":true,"href":"https:\/\/salonmysliwskirys.pl\/index.php?rest_route=%2Fwp%2Fv2%2Fproduct_cat&post=356"},{"taxonomy":"product_tag","embeddable":true,"href":"https:\/\/salonmysliwskirys.pl\/index.php?rest_route=%2Fwp%2Fv2%2Fproduct_tag&post=356"}],"curies":[{"name":"wp","href":"https:\/\/api.w.org\/{rel}","templated":true}]}}