{"id":353,"date":"2026-04-14T09:16:36","date_gmt":"2026-04-14T09:16:36","guid":{"rendered":"https:\/\/salonmysliwskirys.pl\/?post_type=product&#038;p=353"},"modified":"2026-04-14T09:16:36","modified_gmt":"2026-04-14T09:16:36","slug":"nasadka-nakladka-noktowizyjna-noktowizor-hikmicro-cheetah-940-nm","status":"publish","type":"product","link":"https:\/\/salonmysliwskirys.pl\/?product=nasadka-nakladka-noktowizyjna-noktowizor-hikmicro-cheetah-940-nm","title":{"rendered":"Nasadka nak\u0142adka noktowizyjna noktowizor HIKMICRO Cheetah 940 nm"},"content":{"rendered":"<p>Nasadka noktowizyjna HIKMICRO Cheetah \u2013 cechy<\/p>\n<p>    Bezkonkurencyjny system nocnej obserwacji oparty o nowoczesny detektor Ultra HD.<br \/>\n    Tryb obserwacji dziennej z mo\u017cliwo\u015bci\u0105 pe\u0142nego odwzorowania kolor\u00f3w otoczenia.<br \/>\n    Automatyczne dostosowanie czu\u0142o\u015bci i iluminacji do panuj\u0105cych warunk\u00f3w o\u015bwietlenia.<br \/>\n    Niezwykle wyra\u017any wy\u015bwietlacz OLED 1920 \u00d7 1080 gwarantuj\u0105cy doskona\u0142y obraz.<br \/>\n    Obiektyw o ogniskowej 32 mm oraz algorytm gwarantuj\u0105ce skuteczno\u015b\u0107 podczas pracy.<br \/>\n    Zintegrowany iluminator 850 nm zapewniaj\u0105cy prac\u0119 nawet w kompletnych ciemno\u015bciach.<br \/>\n    Tryby dostosowane do okre\u015blonej pory dnia oraz tryb Defog do lepszej pracy we mgle.<br \/>\n    \u0141atw\u0105 obs\u0142ug\u0119 dzi\u0119ki obszernym, wyczuwalnym nawet w r\u0119kawicach przyciskom.<br \/>\n    Mo\u017cliwo\u015b\u0107 nagrywania film\u00f3w i przechwytywania obraz\u00f3w na wbudowanej pami\u0119ci 64 GB.<br \/>\n    Standard wodoszczelno\u015bci IP67 gwarantuj\u0105cy bardzo wysok\u0105 odporno\u015b\u0107 na zalanie.<\/p>\n<p>Nasadka noktowizyjna HIKMICRO Cheetah \u2013 funkcjonalna i praktyczna<\/p>\n<p>Sercem urz\u0105dzenia jest niezwykle precyzyjny detektor Ultra HD 2560 \u00d7 1440, zapewniaj\u0105cy bezkonkurencyjn\u0105 szczeg\u00f3\u0142owo\u015b\u0107 obrazu. W po\u0142\u0105czeniu z zaawansowanym wy\u015bwietlaczem w technologii OLED charakteryzuj\u0105cym si\u0119 perfekcyjnym kontrastem, urz\u0105dzenie zapewnia doskona\u0142y obraz. Noktowizor poza skutecznym dzia\u0142aniem w nocy otrzyma\u0142o mo\u017cliwo\u015b\u0107 wy\u015bwietlenia obrazu w realnych barwach przy odpowiednich warunkach o\u015bwietlenia. Dzi\u0119ki temu nie b\u0119dziemy musieli demontowa\u0107 nasadki z lunety nawet podczas strzela\u0144 dziennych.<\/p>\n<p>Zintegrowany iluminator pracuj\u0105cy w najskuteczniej do\u015bwietlaj\u0105cym obraz zakresie 850 nm zagwarantuje natomiast mo\u017cliwo\u015b\u0107 skutecznego dzia\u0142ania nawet w absolutnych ciemno\u015bciach.<\/p>\n","protected":false},"excerpt":{"rendered":"<p>Najnowsza nasadka noktowizyjna HIKMICRO Cheetah \u2013 oferuje nam nieosi\u0105galny do tej pory poziom szczeg\u00f3\u0142owo\u015bci obrazu uzyskany dzi\u0119ki zastosowaniu detektora Ultra HD. Imponuj\u0105ca rozdzielczo\u015b\u0107 urz\u0105dzenia w po\u0142\u0105czeniu z wy\u015bwietlaczem Full HD na bazie diod OLED gwarantuj\u0105 nam niespotykany komfort obserwacji, co z pewno\u015bci\u0105 doceni\u0105 zar\u00f3wno do\u015bwiadczeni nocni \u0142owcy, jak i osoby, dla kt\u00f3rych u\u017cycie HIKMICRO Cheetah b\u0119dzie pierwszym spotkaniem z noktowizj\u0105 my\u015bliwsk\u0105. Realne powi\u0119kszenie rz\u0119du 1x oraz mo\u017cliwo\u015b\u0107 zastosowania adaptera z reduktorem sprawiaj\u0105 natomiast, \u017ce nasadka b\u0119dzie doskonale wsp\u00f3\u0142pracowa\u0142a z wi\u0119kszo\u015bci\u0105 dost\u0119pnych na rynku lunet celowniczych.<\/p>\n","protected":false},"featured_media":354,"comment_status":"open","ping_status":"closed","template":"","meta":{"_et_pb_use_builder":"","_et_pb_old_content":"","_et_gb_content_width":""},"product_brand":[],"product_cat":[40],"product_tag":[],"class_list":{"0":"post-353","1":"product","2":"type-product","3":"status-publish","4":"has-post-thumbnail","6":"product_cat-noktowizja","8":"first","9":"instock","10":"shipping-taxable","11":"product-type-simple"},"_links":{"self":[{"href":"https:\/\/salonmysliwskirys.pl\/index.php?rest_route=\/wp\/v2\/product\/353","targetHints":{"allow":["GET"]}}],"collection":[{"href":"https:\/\/salonmysliwskirys.pl\/index.php?rest_route=\/wp\/v2\/product"}],"about":[{"href":"https:\/\/salonmysliwskirys.pl\/index.php?rest_route=\/wp\/v2\/types\/product"}],"replies":[{"embeddable":true,"href":"https:\/\/salonmysliwskirys.pl\/index.php?rest_route=%2Fwp%2Fv2%2Fcomments&post=353"}],"wp:featuredmedia":[{"embeddable":true,"href":"https:\/\/salonmysliwskirys.pl\/index.php?rest_route=\/wp\/v2\/media\/354"}],"wp:attachment":[{"href":"https:\/\/salonmysliwskirys.pl\/index.php?rest_route=%2Fwp%2Fv2%2Fmedia&parent=353"}],"wp:term":[{"taxonomy":"product_brand","embeddable":true,"href":"https:\/\/salonmysliwskirys.pl\/index.php?rest_route=%2Fwp%2Fv2%2Fproduct_brand&post=353"},{"taxonomy":"product_cat","embeddable":true,"href":"https:\/\/salonmysliwskirys.pl\/index.php?rest_route=%2Fwp%2Fv2%2Fproduct_cat&post=353"},{"taxonomy":"product_tag","embeddable":true,"href":"https:\/\/salonmysliwskirys.pl\/index.php?rest_route=%2Fwp%2Fv2%2Fproduct_tag&post=353"}],"curies":[{"name":"wp","href":"https:\/\/api.w.org\/{rel}","templated":true}]}}