{"id":338,"date":"2026-04-13T13:22:11","date_gmt":"2026-04-13T13:22:11","guid":{"rendered":"https:\/\/salonmysliwskirys.pl\/?post_type=product&#038;p=338"},"modified":"2026-04-13T13:24:49","modified_gmt":"2026-04-13T13:24:49","slug":"nasadka-nakladka-termowizyjna-termowizor-hikmicro-thunder-tq35c-3-0","status":"publish","type":"product","link":"https:\/\/salonmysliwskirys.pl\/?product=nasadka-nakladka-termowizyjna-termowizor-hikmicro-thunder-tq35c-3-0","title":{"rendered":"Nasadka nak\u0142adka termowizyjna termowizor HIKMICRO Thunder TQ35C 3.0"},"content":{"rendered":"<p>Cechy nak\u0142adki termowizyjnej Thunder TQ35C 3.0:<\/p>\n<p>    Bezkonkurencyjny sensor o czu\u0142o\u015bci 15 mK gwarantuj\u0105cy niezwyk\u0142\u0105 precyzj\u0119<br \/>\n    Komfortowy dla oka wy\u015bwietlacz bazuj\u0105cy na nowoczesnych diodach OLED<br \/>\n    Szerokie pole widzenia wynosz\u0105ce a\u017c 12,5\u00b0 dla komfortowej obserwacji<br \/>\n    Wytrzyma\u0142\u0105 obudow\u0119 z aluminium z domieszk\u0105 magnezu<br \/>\n    Wysok\u0105 wstrz\u0105soodporno\u015b\u0107 pozwalaj\u0105c\u0105 na stosowanie na broni wysokiego kalibru<br \/>\n    Wodo- i py\u0142oszczelno\u015b\u0107 IP67 gwarantuj\u0105c\u0105 niezawodno\u015b\u0107 w trudnych warunkach<br \/>\n    Kompaktow\u0105 form\u0119 o niskiej wadze dla komfortu podczas d\u0142ugich polowa\u0144<br \/>\n    \u0141atwy monta\u017c na lunecie celowniczej za pomoc\u0105 zacisku na obudowie<br \/>\n    Intuicyjne menu obs\u0142ugiwane bezg\u0142o\u015bnymi przyciskami wyczuwalnymi w r\u0119kawicach<br \/>\n    Mo\u017cliwo\u015b\u0107 nagrywania film\u00f3w i zdj\u0119\u0107 na zintegrowanej pami\u0119ci o pojemno\u015bci 64 GB<\/p>\n<p>Nowa aktualizacja algorytmu przetwarzania obrazu: Image Pro 3.0.<\/p>\n<p>Od 30.05.2025 dla urz\u0105dze\u0144 z serii STELLAR 3.0, THUNDER 3.0, FALCON 2.0 i CONDOR 2.0 dost\u0119pna jest najnowsza aktualizacja w postaci Image Pro 3.0, kt\u00f3ra rewolucjonizuje spos\u00f3b, w jaki u\u017cytkownik widzi cel i otoczenie.<br \/>\nCechy technologii Image Pro 3.0:<\/p>\n<p>    Automatyczne pod\u015bwietlenie celu \u2013 dzi\u0119ki zaawansowanemu algorytmowi wyr\u00f3\u017cniania celu, zwierzyna zostaje automatycznie podkre\u015blona na tle otoczenia, umo\u017cliwiaj\u0105c b\u0142yskawiczn\u0105 identyfikacj\u0119 nawet w g\u0119stym lesie czy przy s\u0142abym \u015bwietle.<br \/>\n    Ostro\u015b\u0107 najwy\u017cszej jako\u015bci \u2013 niezale\u017cnie, czy obserwujesz z 50, czy 300 metr\u00f3w \u2013 Image Pro 3.0 zachowuje pe\u0142en detal. Widoczno\u015b\u0107 poro\u017ca, faktura sier\u015bci czy napi\u0119cie mi\u0119\u015bni pozostaj\u0105 wyra\u017ane i czytelne, nawet przy maksymalnym powi\u0119kszeniu.<br \/>\n    \u015awiadomo\u015b\u0107 sytuacyjna \u2013 nowy algorytm to nie tylko detale celu \u2013 to tak\u017ce pe\u0142ne odwzorowanie terenu, ro\u015blinno\u015bci i przeszk\u00f3d. Dzi\u0119ki temu podejmujesz decyzje z pewno\u015bci\u0105, minimalizuj\u0105c ryzyko i maksymalizuj\u0105c skuteczno\u015b\u0107.<br \/>\n    Precyzja tam, gdzie liczy si\u0119 ka\u017cda sekunda \u2013 zaktualizowany system sprawia, \u017ce ka\u017cde spojrzenie przez lunet\u0119 to klarowny, gotowy do analizy obraz. Nie tracisz czasu na szukanie kontur\u00f3w \u2013 widzisz wszystko dok\u0142adnie, od razu.<\/p>\n<p>Firma HIKVISION odpowiadaj\u0105ca za produkcj\u0119 celownik\u00f3w termowizyjnych HIKMICRO wykorzystuje w swoich konstrukcjach niezwykle zaawansowane rozwi\u0105zania, dla zapewnienia u\u017cytkownikowi najwy\u017cszej jako\u015bci do\u015bwiadczenia. Zastosowany w serii Thunder 3.0 sensor o czu\u0142o\u015bci poni\u017cej 15 mK gwarantuje urz\u0105dzeniu bezkonkurencyjn\u0105 precyzj\u0119, znacz\u0105co wp\u0142ywaj\u0105c na nasze mo\u017cliwo\u015bci rozpoznania celu. Sprawia to, \u017ce urz\u0105dzenie zapewnia obraz o niezwykle wysokiej szczeg\u00f3\u0142owo\u015bci, pozwalaj\u0105c nam na skuteczn\u0105 identyfikacj\u0119.<br \/>\nCelownik termowizyjny HIKMICRO Thunder TQ35C 3.0 &#8211; idealny wyb\u00f3r na nocne polowania<\/p>\n<p>Zastosowany w urz\u0105dzeniu wy\u015bwietlacz OLED charakteryzuje si\u0119 doskona\u0142\u0105 jako\u015bci\u0105, dzi\u0119ki czemu zapewnia wysoki komfort podczas d\u0142ugotrwa\u0142ego u\u017cytkowania oraz wyra\u017any obraz. Urz\u0105dzenie umo\u017cliwia dostosowanie sposobu wy\u015bwietlania do preferencji u\u017cytkownika w ramach tryb\u00f3w: Black Hot, White Hot, Red Hot, Fusion, Red monochrome i Green monochrome. Instynktowne menu na wy\u015bwietlaczu obs\u0142ugiwane jest wygodnymi i bezg\u0142o\u015bnymi przyciskami umieszczonymi na zewn\u0105trz obudowy.<br \/>\nMy\u015bliwski termowizor HIKMICRO Thunder TQ35C 3.0 &#8211; niepowtarzalna jako\u015b\u0107 obrazu<\/p>\n<p>Celownik termowizyjny Thunder zosta\u0142 wyposa\u017cony r\u00f3wnie\u017c w mo\u017cliwo\u015b\u0107 przechwytywania zdj\u0119\u0107 oraz nagrywania film\u00f3w. Umo\u017cliwi nam to zar\u00f3wno utrwalenie najciekawszych chwil z polowania, jak i przygotowanie materia\u0142\u00f3w pogl\u0105dowych, kt\u00f3re umo\u017cliwi\u0105 nam doskonalenie techniki strzeleckiej. Urz\u0105dzenie ma zintegrowan\u0105 pami\u0119\u0107 o pojemno\u015bci 64 GB, kt\u00f3ra bez problemu pomie\u015bci materia\u0142y<\/p>\n","protected":false},"excerpt":{"rendered":"<p>Nasadka termowizyjna HIKMICRO Thunder TQ35C 3.0 to model oferuj\u0105cy najwy\u017csz\u0105 jako\u015b\u0107 obrazu po\u0142\u0105czon\u0105 z szerokim polem widzenia pozwalaj\u0105cym na wygodn\u0105 obserwacj\u0119, jak i celowanie.<\/p>\n<p>Urz\u0105dzenia termowizyjne Thunder generacji 3.0 wyr\u00f3\u017cniaj\u0105 si\u0119 niezwykle kompaktow\u0105 konstrukcj\u0105 zapewniaj\u0105c\u0105 doskona\u0142\u0105 jako\u015b\u0107 obrazu, dzi\u0119ki czemu wykrycie i obserwacja zwierzyny jest niezwykle prosta.<br \/>\nNowoczesne i kompaktowe nasadki termowizyjne HIKMICRO Thunder 3.0 &#8211; idealne do nocnej obserwacji i polowania<\/p>\n<p>Nasadki termowizyjne HIKMICRO z serii Thunder 3.0 zosta\u0142y wyposa\u017cone w niesamowicie wydajny detektor termiczny, z wi\u0119ksz\u0105 czu\u0142o\u015bci\u0105 i najnowszym algorytmem przetwarzania obrazu, dzi\u0119ki czemu u\u017cytkownicy mog\u0105 uchwyci\u0107 najdrobniejsze szczeg\u00f3\u0142y obserwowanego obiektu niezale\u017cnie od panuj\u0105cych warunk\u00f3w atmosferycznych i o\u015bwietleniowych.<br \/>\nGeneracja 3.0 nasadek termowizyjnych HIKMICRO Thunder oferuje:<\/p>\n<p>    Nowoczesny wy\u015bwietlacz: OLED o rozdzielczo\u015bci 1920 \u00d7 1080 o rozmiarze 0,49\u2019\u2019, kt\u00f3ry gwarantuje precyzyjne uchwycenie r\u00f3\u017cnic temperatur obserwowanych obiekt\u00f3w<br \/>\n    Niezwykle wysoki zasi\u0119g detekcji wynosz\u0105cy 1800 metr\u00f3w<br \/>\n    Zaawansowany sensor 640\u00d7512 charakteryzuj\u0105cy si\u0119 rozstawem pikseli rz\u0119du 12 \u03bcm<br \/>\n    Podwy\u017cszon\u0105 czu\u0142o\u015b\u0107: na poziomie 15 mK<br \/>\n    Du\u017c\u0105 odporno\u015b\u0107 na wstrz\u0105sy i odrzut broni. Celowniki z powodzeniem mog\u0105 by\u0107 u\u017cywane na standardowych kalibrach my\u015bliwskich (308 Win, 7&#215;64, 8x57IS itp.)<br \/>\n    D\u0142ugotrwa\u0142\u0105 prac\u0119 do 6 godzin: zapewnia wymienny, dedykowany akumulator<br \/>\n    Model w wersji C: charakteryzuje si\u0119 kompaktow\u0105 i zwart\u0105 konstrukcj\u0105, dzi\u0119ki czemu mo\u017cna zawsze go mie\u0107 ze sob\u0105 w trakcie polowania<br \/>\n    Bez migawkowy system HSIS (HIKMICRO Shutterless Image System)<\/p>\n<p>Nasadka termowizyjna HIKMICRO Thunder TQ35C 3.0 zosta\u0142a zoptymalizowana pod k\u0105tem dzia\u0142ania, dzi\u0119ki czemu czas nieprzerwanej pracy wynosi do 6 godzin. Cz\u0119stotliwo\u015b\u0107 od\u015bwie\u017cania wynosi 50 Hz, gwarantuj\u0105c teraz niezwykle wysok\u0105 p\u0142ynno\u015b\u0107, a co za tym idzie komfort obserwacji. Niezwykle kompaktowa konstrukcja oraz \u015bwietna jako\u015b\u0107 obrazu, oferuj\u0105 skuteczne wykrywanie zwierzyny.<\/p>\n","protected":false},"featured_media":339,"comment_status":"open","ping_status":"closed","template":"","meta":{"_et_pb_use_builder":"","_et_pb_old_content":"","_et_gb_content_width":""},"product_brand":[],"product_cat":[34],"product_tag":[],"class_list":{"0":"post-338","1":"product","2":"type-product","3":"status-publish","4":"has-post-thumbnail","6":"product_cat-termowizja","8":"first","9":"instock","10":"shipping-taxable","11":"product-type-simple"},"_links":{"self":[{"href":"https:\/\/salonmysliwskirys.pl\/index.php?rest_route=\/wp\/v2\/product\/338","targetHints":{"allow":["GET"]}}],"collection":[{"href":"https:\/\/salonmysliwskirys.pl\/index.php?rest_route=\/wp\/v2\/product"}],"about":[{"href":"https:\/\/salonmysliwskirys.pl\/index.php?rest_route=\/wp\/v2\/types\/product"}],"replies":[{"embeddable":true,"href":"https:\/\/salonmysliwskirys.pl\/index.php?rest_route=%2Fwp%2Fv2%2Fcomments&post=338"}],"wp:featuredmedia":[{"embeddable":true,"href":"https:\/\/salonmysliwskirys.pl\/index.php?rest_route=\/wp\/v2\/media\/339"}],"wp:attachment":[{"href":"https:\/\/salonmysliwskirys.pl\/index.php?rest_route=%2Fwp%2Fv2%2Fmedia&parent=338"}],"wp:term":[{"taxonomy":"product_brand","embeddable":true,"href":"https:\/\/salonmysliwskirys.pl\/index.php?rest_route=%2Fwp%2Fv2%2Fproduct_brand&post=338"},{"taxonomy":"product_cat","embeddable":true,"href":"https:\/\/salonmysliwskirys.pl\/index.php?rest_route=%2Fwp%2Fv2%2Fproduct_cat&post=338"},{"taxonomy":"product_tag","embeddable":true,"href":"https:\/\/salonmysliwskirys.pl\/index.php?rest_route=%2Fwp%2Fv2%2Fproduct_tag&post=338"}],"curies":[{"name":"wp","href":"https:\/\/api.w.org\/{rel}","templated":true}]}}