{"id":308,"date":"2026-04-13T10:44:33","date_gmt":"2026-04-13T10:44:33","guid":{"rendered":"https:\/\/salonmysliwskirys.pl\/?post_type=product&#038;p=308"},"modified":"2026-04-18T07:35:15","modified_gmt":"2026-04-18T07:35:15","slug":"lornetka-termowizyjna-termowizor-hikmicro-habrok-pro-hq50ln-lrf-940-nm","status":"publish","type":"product","link":"https:\/\/salonmysliwskirys.pl\/?product=lornetka-termowizyjna-termowizor-hikmicro-habrok-pro-hq50ln-lrf-940-nm","title":{"rendered":"Lornetka termowizyjna termowizor HIKMICRO Habrok Pro HQ50LN LRF 940 nm"},"content":{"rendered":"<p>Lornetka termowizyjna HIKMICRO Habrok Pro HQ50LN LRF 940 nm \u2013 zaawansowana obserwacja w ka\u017cdych warunkach<\/p>\n<p>Lornetka termowizyjna **HIKMICRO Habrok Pro HQ50LN LRF 940 nm** to innowacyjne po\u0142\u0105czenie najwy\u017cszej jako\u015bci komponent\u00f3w optycznych oraz zaawansowanych algorytm\u00f3w przetwarzania obrazu, kt\u00f3re gwarantuj\u0105 wyj\u0105tkow\u0105 jako\u015b\u0107 obserwacji. Urz\u0105dzenie \u0142\u0105czy **termowizj\u0119 (IR)** z obrazem w \u015bwietle widzialnym, oferuj\u0105c niezwykle szczeg\u00f3\u0142owy i wyra\u017any obraz \u2013 niedost\u0119pny dla standardowych kamer termowizyjnych.<\/p>\n<p>Zastosowanie technologii fuzji obrazu pozwala jednocze\u015bnie wykrywa\u0107 \u017ar\u00f3d\u0142a ciep\u0142a oraz dostrzega\u0107 detale otoczenia, co znacz\u0105co zwi\u0119ksza skuteczno\u015b\u0107 obserwacji w nocy, we mgle, deszczu czy trudnym terenie. Dzi\u0119ki temu u\u017cytkownik otrzymuje pe\u0142ny, precyzyjny obraz sytuacji w ka\u017cdych warunkach.<\/p>\n<p>**Najwa\u017cniejsze cechy HIKMICRO Habrok Pro HQ50LN:**<\/p>\n<p>* sensor termowizyjny wysokiej rozdzielczo\u015bci + kamera \u015bwiat\u0142a widzialnego (fuzja obrazu),<br \/>\n* jako\u015b\u0107 obrazu zbli\u017cona do **4K**,<br \/>\n* imponuj\u0105cy zasi\u0119g detekcji celu a\u017c do **2600 metr\u00f3w**,<br \/>\n* wbudowany dalmierz laserowy **LRF 940 nm**,<br \/>\n* zaawansowane algorytmy poprawy obrazu (lepszy kontrast i szczeg\u00f3\u0142owo\u015b\u0107),<br \/>\n* kompaktowa i ergonomiczna konstrukcja typu lornetkowego.<\/p>\n<p>**Niezast\u0105piona lornetka termowizyjna na polowanie i obserwacj\u0119**<\/p>\n<p>Seria **HIKMICRO Habrok Pro** zosta\u0142a zaprojektowana z my\u015bl\u0105 o pracy w najbardziej wymagaj\u0105cych warunkach terenowych. Wytrzyma\u0142a, a jednocze\u015bnie ultralekka obudowa ze stopu magnezu zapewnia odporno\u015b\u0107 na uszkodzenia i komfort u\u017cytkowania nawet podczas d\u0142ugich wypraw.<\/p>\n<p>Dzi\u0119ki kompaktowej konstrukcji i intuicyjnej obs\u0142udze, lornetka doskonale sprawdzi si\u0119 podczas:<\/p>\n<p>* polowa\u0144 (tak\u017ce nocnych),<br \/>\n* obserwacji dzikiej przyrody,<br \/>\n* dzia\u0142a\u0144 terenowych i survivalowych,<br \/>\n* ochrony i monitoringu.<\/p>\n<p>HIKMICRO Habrok Pro HQ50LN LRF 940 nm to profesjonalne urz\u0105dzenie obserwacyjne dla wymagaj\u0105cych u\u017cytkownik\u00f3w, kt\u00f3rzy oczekuj\u0105 maksymalnej precyzji, niezawodno\u015bci i doskona\u0142ej jako\u015bci obrazu \u2013 niezale\u017cnie od warunk\u00f3w.<\/p>\n","protected":false},"excerpt":{"rendered":"<p>Cechy lornetki termowizyjnej HIKMICRO Habrok Pro HQ50LN LRF 940 nm:<\/p>\n<p>    Mo\u017cliwo\u015b\u0107 u\u017cywania zamiennie funkcji termowizji oraz noktowizji w jednym urz\u0105dzeniu, oraz laserowego dalmierza w obu trybach<br \/>\n    Ekstremalny zasi\u0119g detekcji celu wielko\u015bci cz\u0142owieka wynosz\u0105cy 2600 m<br \/>\n    Pole widzenia: 7,3\u00b0\u00d7 4,1\u00b0 \/ 12,6 m \u00d7 7,2 m<br \/>\n    Zintegrowany dalmierz laserowy pozwalaj\u0105cy na precyzyjn\u0105 ocen\u0119 odleg\u0142o\u015bci na dystansie do 1000 m<br \/>\n    Wbudowany iluminator podczerwieni 940 nm z regulacj\u0105 skupienia wi\u0105zki<br \/>\n    Doskona\u0142y obraz nawet w przypadku bardzo trudnych warunk\u00f3w atmosferycznych<br \/>\n    Komfortowy dla oka wy\u015bwietlacz o przek\u0105tnej 0,49&#8221; bazuj\u0105cy na nowoczesnych diodach OLED<br \/>\n    Pi\u0119\u0107 palet kolorystycznych termowizji oraz tryby Hot Spot i Hot Track dla wysokiej funkcjonalno\u015bci<br \/>\n    Algorytm ZoomPro poprawiaj\u0105cy jako\u015b\u0107 obrazu przy zoomie czyni\u0105c go niemal bezstratnym<br \/>\n    Zoom optyczny, oraz wspieraj\u0105cy zoom cyfrowy z mo\u017cliwo\u015bci\u0105 trybu PIP<br \/>\n    Wodo- i py\u0142oszczelno\u015b\u0107 IP67 gwarantuj\u0105c\u0105 niezawodno\u015b\u0107 w trudnych warunkach<br \/>\n    Kompaktow\u0105 form\u0119 o niskiej wadze dla komfortu podczas d\u0142ugich polowa\u0144<br \/>\n    Zasilanie bateri\u0105 o du\u017cej pojemno\u015bci z mo\u017cliwo\u015bci\u0105 \u0142adowania przez port USB-C<br \/>\n    Niezwykle szerokie spektrum temperatur pracy wynosz\u0105ce od -30 do 55 \u00b0C<br \/>\n    Mo\u017cliwo\u015b\u0107 nagrywania film\u00f3w i zdj\u0119\u0107 na zintegrowanej pami\u0119ci o pojemno\u015bci 64 GB<br \/>\n    Modu\u0142 Wi-Fi umo\u017cliwiaj\u0105cy po\u0142\u0105czenie urz\u0105dzenia z telefonem poprzez aplikacj\u0119 HIKMICRO Sight<\/p>\n","protected":false},"featured_media":309,"comment_status":"open","ping_status":"closed","template":"","meta":{"_et_pb_use_builder":"","_et_pb_old_content":"","_et_gb_content_width":""},"product_brand":[],"product_cat":[40,34],"product_tag":[],"class_list":{"0":"post-308","1":"product","2":"type-product","3":"status-publish","4":"has-post-thumbnail","6":"product_cat-noktowizja","7":"product_cat-termowizja","9":"first","10":"instock","11":"shipping-taxable","12":"product-type-simple"},"_links":{"self":[{"href":"https:\/\/salonmysliwskirys.pl\/index.php?rest_route=\/wp\/v2\/product\/308","targetHints":{"allow":["GET"]}}],"collection":[{"href":"https:\/\/salonmysliwskirys.pl\/index.php?rest_route=\/wp\/v2\/product"}],"about":[{"href":"https:\/\/salonmysliwskirys.pl\/index.php?rest_route=\/wp\/v2\/types\/product"}],"replies":[{"embeddable":true,"href":"https:\/\/salonmysliwskirys.pl\/index.php?rest_route=%2Fwp%2Fv2%2Fcomments&post=308"}],"wp:featuredmedia":[{"embeddable":true,"href":"https:\/\/salonmysliwskirys.pl\/index.php?rest_route=\/wp\/v2\/media\/309"}],"wp:attachment":[{"href":"https:\/\/salonmysliwskirys.pl\/index.php?rest_route=%2Fwp%2Fv2%2Fmedia&parent=308"}],"wp:term":[{"taxonomy":"product_brand","embeddable":true,"href":"https:\/\/salonmysliwskirys.pl\/index.php?rest_route=%2Fwp%2Fv2%2Fproduct_brand&post=308"},{"taxonomy":"product_cat","embeddable":true,"href":"https:\/\/salonmysliwskirys.pl\/index.php?rest_route=%2Fwp%2Fv2%2Fproduct_cat&post=308"},{"taxonomy":"product_tag","embeddable":true,"href":"https:\/\/salonmysliwskirys.pl\/index.php?rest_route=%2Fwp%2Fv2%2Fproduct_tag&post=308"}],"curies":[{"name":"wp","href":"https:\/\/api.w.org\/{rel}","templated":true}]}}